{"id":1335,"date":"2020-10-04T18:57:05","date_gmt":"2020-10-04T18:57:05","guid":{"rendered":"https:\/\/natureshoofhelp.com\/dk-da\/?post_type=product&#038;p=1335"},"modified":"2025-11-19T11:35:53","modified_gmt":"2025-11-19T10:35:53","slug":"natures-compress","status":"publish","type":"product","link":"https:\/\/natureshoofhelp.com\/dk-da\/vare\/natures-compress\/","title":{"rendered":"Nature&#8217;s COMPRESS"},"content":{"rendered":"<p>Nature&#8217;s COMPRESS anvendes til <span style=\"font-weight: 400;\">pakning af dybe furer i str\u00e5lekl\u00f8ft, str\u00e5le, separation i den hvide linje eller hornkl\u00f8fter.<\/span><\/p>\n<p>COMPRESS-stykkerne er v\u00e6det med en s\u00e6rligt udviklet blanding.<\/p>\n<p>COMPRESS-stykkerne g\u00f8r det let og effektivt at afhj\u00e6lpe omr\u00e5der i hoven der er p\u00e5virket.<\/p>\n<p><b>S\u00e5dan anvender du produktet<\/b><\/p>\n<p><span style=\"font-weight: 400;\">Efter grundig rensning af de p\u00e5virkede omr\u00e5der presses kompresstykkerne forsigtigt ned p\u00e5 plads, s\u00e5 der stikker mindst muligt ud. <\/span><span style=\"font-size: 16px; font-weight: 400;\">Ved brug i str\u00e5lekl\u00f8ft og str\u00e5lefurer b\u00f8r der ikke benyttes en hovrenser, men i stedet den medf\u00f8lgende tr\u00e6spatel, da en hovrenser kan v\u00e6re for h\u00e5rd og dermed skade v\u00e6vet og p\u00e5f\u00f8re hesten smerte.<\/span><\/p>\n<p>I starten tjekkes hoven dagligt, om COMPRESSen fortsat er i hoven. Hvis ikke, gentages renseprocessen med <a href=\"https:\/\/natureshoofhelp.com\/dk-da\/vare\/natures-clean-wipes\/\">Nature&#8217;s CLEANING WIPES<\/a>, og der l\u00e6gges ny COMPRESS i hoven. Hvis COMPRESSen fortsat er i hoven, vurderes det hvorvidt den er ren og kan sidde en dag mere. Ellers renses og udskiftes igen.<\/p>\n<p>N\u00e5r der ses bedring i hoven, kan udskiftningen af COMPRESSen s\u00e6ttes ned til to gange per uge, indtil revnerne er for sm\u00e5 til, at COMPRESSen kan sidde fast &#8211; herefter skiftes til <a href=\"https:\/\/natureshoofhelp.com\/dk-da\/vare\/natures-clay\/\">Nature&#8217;s CLAY<\/a>, som anvendes frem til fuld heling.<\/p>\n<p><strong><span style=\"text-decoration: underline;\">Vigtigt!<\/span><\/strong> Det er afg\u00f8rende, at omr\u00e5det er s\u00e5 rent og t\u00f8rt som muligt, s\u00e5 bakterier og svampeinfektioner ikke indkapsles under Nature&#8217;s COMPRESS. Hvis omr\u00e5det ikke er ordentligt rent, kan det medf\u00f8re en forv\u00e6rring af problemet. Brug <a href=\"https:\/\/natureshoofhelp.com\/dk-da\/vare\/natures-clean-wipes\/\" target=\"_blank\" rel=\"noopener noreferrer\">Nature&#8217;s CLEAN WIPES<\/a> inden der is\u00e6ttes Nature&#8217;s COMPRESS.<\/p>\n<p><strong>S\u00e5dan virker det<\/strong><\/p>\n<p><span style=\"font-weight: 400;\">Zinkoxiden har <\/span><span style=\"font-weight: 400;\">en beroligende effekt p\u00e5 irriteret v\u00e6v og fremmer helingsprocessen. Den er desuden antiseptisk og mild antibakteriel. <\/span><span style=\"font-weight: 400;\">Lindehonningen er s\u00e6rligt kendt for sin a<\/span><span style=\"font-weight: 400;\">ntiseptiske og s\u00e5rhelende virkning og giver samtidig blandingen en kl\u00e6brig konsistens, der h\u00e6fter bedre. \u00c6blecidereddike giver et ugunstigt milj\u00f8 for bakterier og svamp. De \u00e6teriske olier er udvalgt for deres antibakterielle og antifungale effekt samt den beroligende effekt p\u00e5 irriteret v\u00e6v.<\/span><\/p>\n<p><b>OBS!<\/b><\/p>\n<p>Vi anbefaler altid at du tager kontakt til din dyrl\u00e6ge.<\/p>\n<p><span style=\"font-weight: 400;\">Undg\u00e5 kontakt med \u00f8jne og f\u00f8lsom eller \u00f8delagt hud.<br \/>\n<\/span><span style=\"font-weight: 400;\">Kun til brug p\u00e5 heste.<br \/>\n<\/span><span style=\"font-weight: 400;\">Test evt. produktet p\u00e5 hestens hud inden behandling.<\/span><\/p>\n","protected":false},"excerpt":{"rendered":"<p>Nature&#8217;s COMPRESS (5x5cm) anvendes til <span style=\"font-weight: 400;\">pakning af dybe furer i hoven. 25 stk.<\/span><\/p>\n<p><a href=\"https:\/\/natureshoofhelp.com\/dk-da\/wp-content\/uploads\/2020\/10\/Produktdatablad_COMPRESS_dk_091120.pdf\" target=\"_blank\" rel=\"noopener noreferrer\"><img decoding=\"async\" class=\"alignnone wp-image-1734\" title=\"http:\/\/www.freepik.com\" src=\"https:\/\/natureshoofhelp.com\/dk-da\/wp-content\/uploads\/2020\/10\/document-150x150.png\" alt=\"\" width=\"20\" height=\"20\" srcset=\"https:\/\/i0.wp.com\/natureshoofhelp.com\/dk-da\/wp-content\/uploads\/2020\/10\/document.png?resize=150%2C150&amp;ssl=1 150w, https:\/\/i0.wp.com\/natureshoofhelp.com\/dk-da\/wp-content\/uploads\/2020\/10\/document.png?resize=300%2C300&amp;ssl=1 300w, https:\/\/i0.wp.com\/natureshoofhelp.com\/dk-da\/wp-content\/uploads\/2020\/10\/document.png?resize=100%2C100&amp;ssl=1 100w, https:\/\/i0.wp.com\/natureshoofhelp.com\/dk-da\/wp-content\/uploads\/2020\/10\/document.png?w=512&amp;ssl=1 512w\" sizes=\"(max-width: 20px) 100vw, 20px\" \/><\/a><a href=\"https:\/\/natureshoofhelp.com\/dk-da\/wp-content\/uploads\/2020\/10\/Produktdatablad_COMPRESS_dk_091120.pdf\" target=\"_blank\" rel=\"noopener noreferrer\"> Download produktdatablad for Nature&#8217;s COMPRESS<\/a><\/p>\n<p>&nbsp;<\/p>\n","protected":false},"featured_media":3028,"template":"","meta":{"site-sidebar-layout":"default","site-content-layout":"default","ast-site-content-layout":"default","site-content-style":"default","site-sidebar-style":"default","ast-global-header-display":"","ast-banner-title-visibility":"","ast-main-header-display":"","ast-hfb-above-header-display":"","ast-hfb-below-header-display":"","ast-hfb-mobile-header-display":"","site-post-title":"","ast-breadcrumbs-content":"","ast-featured-img":"","footer-sml-layout":"","ast-disable-related-posts":"","theme-transparent-header-meta":"default","adv-header-id-meta":"","stick-header-meta":"","header-above-stick-meta":"","header-main-stick-meta":"","header-below-stick-meta":"","astra-migrate-meta-layouts":"set","ast-page-background-enabled":"default","ast-page-background-meta":{"desktop":{"background-color":"","background-image":"","background-repeat":"repeat","background-position":"center center","background-size":"auto","background-attachment":"scroll","background-type":"","background-media":"","overlay-type":"","overlay-color":"","overlay-opacity":"","overlay-gradient":""},"tablet":{"background-color":"","background-image":"","background-repeat":"repeat","background-position":"center center","background-size":"auto","background-attachment":"scroll","background-type":"","background-media":"","overlay-type":"","overlay-color":"","overlay-opacity":"","overlay-gradient":""},"mobile":{"background-color":"","background-image":"","background-repeat":"repeat","background-position":"center center","background-size":"auto","background-attachment":"scroll","background-type":"","background-media":"","overlay-type":"","overlay-color":"","overlay-opacity":"","overlay-gradient":""}},"ast-content-background-meta":{"desktop":{"background-color":"var(--ast-global-color-5)","background-image":"","background-repeat":"repeat","background-position":"center center","background-size":"auto","background-attachment":"scroll","background-type":"","background-media":"","overlay-type":"","overlay-color":"","overlay-opacity":"","overlay-gradient":""},"tablet":{"background-color":"var(--ast-global-color-5)","background-image":"","background-repeat":"repeat","background-position":"center center","background-size":"auto","background-attachment":"scroll","background-type":"","background-media":"","overlay-type":"","overlay-color":"","overlay-opacity":"","overlay-gradient":""},"mobile":{"background-color":"var(--ast-global-color-5)","background-image":"","background-repeat":"repeat","background-position":"center center","background-size":"auto","background-attachment":"scroll","background-type":"","background-media":"","overlay-type":"","overlay-color":"","overlay-opacity":"","overlay-gradient":""}}},"product_brand":[],"product_cat":[54],"product_tag":[],"class_list":{"0":"post-1335","1":"product","2":"type-product","3":"status-publish","4":"has-post-thumbnail","6":"product_cat-sur-straale","7":"desktop-align-left","8":"tablet-align-left","9":"mobile-align-left","11":"first","12":"instock","13":"taxable","14":"shipping-taxable","15":"purchasable","16":"product-type-simple"},"supplier_id":null,"supplier_sku":"10104","barcode":null,"atum_controlled":true,"out_stock_date":null,"out_stock_threshold":null,"inheritable":false,"inbound_stock":null,"stock_on_hold":0,"sold_today":0,"sales_last_days":11,"reserved_stock":null,"customer_returns":null,"warehouse_damage":null,"lost_in_post":null,"other_logs":null,"out_stock_days":0,"lost_sales":0,"has_location":false,"update_date":"2026-05-09T04:54:30","atum_locations":[],"atum_stock_status":"instock","restock_status":false,"low_stock_amount":"","sales_update_date":"2026-05-09T04:54:30","calc_backorders":null,"yoast_head":"<!-- This site is optimized with the Yoast SEO plugin v27.5 - https:\/\/yoast.com\/product\/yoast-seo-wordpress\/ -->\n<title>Nature&#039;s COMPRESS - Nature&#039;s Hoof Help<\/title>\n<meta name=\"robots\" content=\"index, follow, max-snippet:-1, max-image-preview:large, max-video-preview:-1\" \/>\n<link rel=\"canonical\" href=\"https:\/\/natureshoofhelp.com\/dk-da\/vare\/natures-compress\/\" \/>\n<meta property=\"og:locale\" content=\"da_DK\" \/>\n<meta property=\"og:type\" content=\"article\" \/>\n<meta property=\"og:title\" content=\"Nature&#039;s COMPRESS - Nature&#039;s Hoof Help\" \/>\n<meta property=\"og:description\" content=\"Nature&#039;s COMPRESS (5x5cm) anvendes til pakning af dybe furer i hoven. 25 stk.   Download produktdatablad for Nature&#039;s COMPRESS  &nbsp;\" \/>\n<meta property=\"og:url\" content=\"https:\/\/natureshoofhelp.com\/dk-da\/vare\/natures-compress\/\" \/>\n<meta property=\"og:site_name\" content=\"Nature&#039;s Hoof Help\" \/>\n<meta property=\"article:publisher\" content=\"https:\/\/www.facebook.com\/natureshoofhelp\" \/>\n<meta property=\"article:modified_time\" content=\"2025-11-19T10:35:53+00:00\" \/>\n<meta property=\"og:image\" content=\"https:\/\/natureshoofhelp.com\/dk-da\/wp-content\/uploads\/2020\/10\/IMG_5246-scaled.jpg\" \/>\n\t<meta property=\"og:image:width\" content=\"1707\" \/>\n\t<meta property=\"og:image:height\" content=\"2560\" \/>\n\t<meta property=\"og:image:type\" content=\"image\/jpeg\" \/>\n<meta name=\"twitter:card\" content=\"summary_large_image\" \/>\n<meta name=\"twitter:label1\" content=\"Estimeret l\u00e6setid\" \/>\n\t<meta name=\"twitter:data1\" content=\"3 minutter\" \/>\n<script type=\"application\/ld+json\" class=\"yoast-schema-graph\">{\"@context\":\"https:\\\/\\\/schema.org\",\"@graph\":[{\"@type\":\"WebPage\",\"@id\":\"https:\\\/\\\/natureshoofhelp.com\\\/dk-da\\\/vare\\\/natures-compress\\\/\",\"url\":\"https:\\\/\\\/natureshoofhelp.com\\\/dk-da\\\/vare\\\/natures-compress\\\/\",\"name\":\"Nature's COMPRESS - Nature&#039;s Hoof Help\",\"isPartOf\":{\"@id\":\"https:\\\/\\\/natureshoofhelp.com\\\/dk-da\\\/#website\"},\"primaryImageOfPage\":{\"@id\":\"https:\\\/\\\/natureshoofhelp.com\\\/dk-da\\\/vare\\\/natures-compress\\\/#primaryimage\"},\"image\":{\"@id\":\"https:\\\/\\\/natureshoofhelp.com\\\/dk-da\\\/vare\\\/natures-compress\\\/#primaryimage\"},\"thumbnailUrl\":\"https:\\\/\\\/i0.wp.com\\\/natureshoofhelp.com\\\/dk-da\\\/wp-content\\\/uploads\\\/2020\\\/10\\\/IMG_5246-scaled.jpg?fit=1707%2C2560&ssl=1\",\"datePublished\":\"2020-10-04T18:57:05+00:00\",\"dateModified\":\"2025-11-19T10:35:53+00:00\",\"breadcrumb\":{\"@id\":\"https:\\\/\\\/natureshoofhelp.com\\\/dk-da\\\/vare\\\/natures-compress\\\/#breadcrumb\"},\"inLanguage\":\"da-DK\",\"potentialAction\":[{\"@type\":\"ReadAction\",\"target\":[\"https:\\\/\\\/natureshoofhelp.com\\\/dk-da\\\/vare\\\/natures-compress\\\/\"]}]},{\"@type\":\"ImageObject\",\"inLanguage\":\"da-DK\",\"@id\":\"https:\\\/\\\/natureshoofhelp.com\\\/dk-da\\\/vare\\\/natures-compress\\\/#primaryimage\",\"url\":\"https:\\\/\\\/i0.wp.com\\\/natureshoofhelp.com\\\/dk-da\\\/wp-content\\\/uploads\\\/2020\\\/10\\\/IMG_5246-scaled.jpg?fit=1707%2C2560&ssl=1\",\"contentUrl\":\"https:\\\/\\\/i0.wp.com\\\/natureshoofhelp.com\\\/dk-da\\\/wp-content\\\/uploads\\\/2020\\\/10\\\/IMG_5246-scaled.jpg?fit=1707%2C2560&ssl=1\",\"width\":1707,\"height\":2560},{\"@type\":\"BreadcrumbList\",\"@id\":\"https:\\\/\\\/natureshoofhelp.com\\\/dk-da\\\/vare\\\/natures-compress\\\/#breadcrumb\",\"itemListElement\":[{\"@type\":\"ListItem\",\"position\":1,\"name\":\"Hjem\",\"item\":\"https:\\\/\\\/natureshoofhelp.com\\\/dk-da\\\/\"},{\"@type\":\"ListItem\",\"position\":2,\"name\":\"Produkter\",\"item\":\"https:\\\/\\\/natureshoofhelp.com\\\/dk-da\\\/produkter\\\/\"},{\"@type\":\"ListItem\",\"position\":3,\"name\":\"Nature&#8217;s COMPRESS\"}]},{\"@type\":\"WebSite\",\"@id\":\"https:\\\/\\\/natureshoofhelp.com\\\/dk-da\\\/#website\",\"url\":\"https:\\\/\\\/natureshoofhelp.com\\\/dk-da\\\/\",\"name\":\"Nature&#039;s Hoof Help\",\"description\":\"Naturlige og sk\u00e5nsomme produkter mod sur str\u00e5le hos heste\",\"publisher\":{\"@id\":\"https:\\\/\\\/natureshoofhelp.com\\\/dk-da\\\/#organization\"},\"potentialAction\":[{\"@type\":\"SearchAction\",\"target\":{\"@type\":\"EntryPoint\",\"urlTemplate\":\"https:\\\/\\\/natureshoofhelp.com\\\/dk-da\\\/?s={search_term_string}\"},\"query-input\":{\"@type\":\"PropertyValueSpecification\",\"valueRequired\":true,\"valueName\":\"search_term_string\"}}],\"inLanguage\":\"da-DK\"},{\"@type\":\"Organization\",\"@id\":\"https:\\\/\\\/natureshoofhelp.com\\\/dk-da\\\/#organization\",\"name\":\"Nature&#039;s Hoof Help\",\"url\":\"https:\\\/\\\/natureshoofhelp.com\\\/dk-da\\\/\",\"logo\":{\"@type\":\"ImageObject\",\"inLanguage\":\"da-DK\",\"@id\":\"https:\\\/\\\/natureshoofhelp.com\\\/dk-da\\\/#\\\/schema\\\/logo\\\/image\\\/\",\"url\":\"https:\\\/\\\/i0.wp.com\\\/natureshoofhelp.com\\\/dk-da\\\/wp-content\\\/uploads\\\/2020\\\/09\\\/Natures-hoof-help-logo_72_010920.png?fit=1139%2C522&ssl=1\",\"contentUrl\":\"https:\\\/\\\/i0.wp.com\\\/natureshoofhelp.com\\\/dk-da\\\/wp-content\\\/uploads\\\/2020\\\/09\\\/Natures-hoof-help-logo_72_010920.png?fit=1139%2C522&ssl=1\",\"width\":1139,\"height\":522,\"caption\":\"Nature&#039;s Hoof Help\"},\"image\":{\"@id\":\"https:\\\/\\\/natureshoofhelp.com\\\/dk-da\\\/#\\\/schema\\\/logo\\\/image\\\/\"},\"sameAs\":[\"https:\\\/\\\/www.facebook.com\\\/natureshoofhelp\",\"https:\\\/\\\/www.instagram.com\\\/natureshoofhelp\\\/\"]}]}<\/script>\n<!-- \/ Yoast SEO plugin. -->","yoast_head_json":{"title":"Nature's COMPRESS - Nature&#039;s Hoof Help","robots":{"index":"index","follow":"follow","max-snippet":"max-snippet:-1","max-image-preview":"max-image-preview:large","max-video-preview":"max-video-preview:-1"},"canonical":"https:\/\/natureshoofhelp.com\/dk-da\/vare\/natures-compress\/","og_locale":"da_DK","og_type":"article","og_title":"Nature's COMPRESS - Nature&#039;s Hoof Help","og_description":"Nature's COMPRESS (5x5cm) anvendes til pakning af dybe furer i hoven. 25 stk.   Download produktdatablad for Nature's COMPRESS  &nbsp;","og_url":"https:\/\/natureshoofhelp.com\/dk-da\/vare\/natures-compress\/","og_site_name":"Nature&#039;s Hoof Help","article_publisher":"https:\/\/www.facebook.com\/natureshoofhelp","article_modified_time":"2025-11-19T10:35:53+00:00","og_image":[{"width":1707,"height":2560,"url":"https:\/\/natureshoofhelp.com\/dk-da\/wp-content\/uploads\/2020\/10\/IMG_5246-scaled.jpg","type":"image\/jpeg"}],"twitter_card":"summary_large_image","twitter_misc":{"Estimeret l\u00e6setid":"3 minutter"},"schema":{"@context":"https:\/\/schema.org","@graph":[{"@type":"WebPage","@id":"https:\/\/natureshoofhelp.com\/dk-da\/vare\/natures-compress\/","url":"https:\/\/natureshoofhelp.com\/dk-da\/vare\/natures-compress\/","name":"Nature's COMPRESS - Nature&#039;s Hoof Help","isPartOf":{"@id":"https:\/\/natureshoofhelp.com\/dk-da\/#website"},"primaryImageOfPage":{"@id":"https:\/\/natureshoofhelp.com\/dk-da\/vare\/natures-compress\/#primaryimage"},"image":{"@id":"https:\/\/natureshoofhelp.com\/dk-da\/vare\/natures-compress\/#primaryimage"},"thumbnailUrl":"https:\/\/i0.wp.com\/natureshoofhelp.com\/dk-da\/wp-content\/uploads\/2020\/10\/IMG_5246-scaled.jpg?fit=1707%2C2560&ssl=1","datePublished":"2020-10-04T18:57:05+00:00","dateModified":"2025-11-19T10:35:53+00:00","breadcrumb":{"@id":"https:\/\/natureshoofhelp.com\/dk-da\/vare\/natures-compress\/#breadcrumb"},"inLanguage":"da-DK","potentialAction":[{"@type":"ReadAction","target":["https:\/\/natureshoofhelp.com\/dk-da\/vare\/natures-compress\/"]}]},{"@type":"ImageObject","inLanguage":"da-DK","@id":"https:\/\/natureshoofhelp.com\/dk-da\/vare\/natures-compress\/#primaryimage","url":"https:\/\/i0.wp.com\/natureshoofhelp.com\/dk-da\/wp-content\/uploads\/2020\/10\/IMG_5246-scaled.jpg?fit=1707%2C2560&ssl=1","contentUrl":"https:\/\/i0.wp.com\/natureshoofhelp.com\/dk-da\/wp-content\/uploads\/2020\/10\/IMG_5246-scaled.jpg?fit=1707%2C2560&ssl=1","width":1707,"height":2560},{"@type":"BreadcrumbList","@id":"https:\/\/natureshoofhelp.com\/dk-da\/vare\/natures-compress\/#breadcrumb","itemListElement":[{"@type":"ListItem","position":1,"name":"Hjem","item":"https:\/\/natureshoofhelp.com\/dk-da\/"},{"@type":"ListItem","position":2,"name":"Produkter","item":"https:\/\/natureshoofhelp.com\/dk-da\/produkter\/"},{"@type":"ListItem","position":3,"name":"Nature&#8217;s COMPRESS"}]},{"@type":"WebSite","@id":"https:\/\/natureshoofhelp.com\/dk-da\/#website","url":"https:\/\/natureshoofhelp.com\/dk-da\/","name":"Nature&#039;s Hoof Help","description":"Naturlige og sk\u00e5nsomme produkter mod sur str\u00e5le hos heste","publisher":{"@id":"https:\/\/natureshoofhelp.com\/dk-da\/#organization"},"potentialAction":[{"@type":"SearchAction","target":{"@type":"EntryPoint","urlTemplate":"https:\/\/natureshoofhelp.com\/dk-da\/?s={search_term_string}"},"query-input":{"@type":"PropertyValueSpecification","valueRequired":true,"valueName":"search_term_string"}}],"inLanguage":"da-DK"},{"@type":"Organization","@id":"https:\/\/natureshoofhelp.com\/dk-da\/#organization","name":"Nature&#039;s Hoof Help","url":"https:\/\/natureshoofhelp.com\/dk-da\/","logo":{"@type":"ImageObject","inLanguage":"da-DK","@id":"https:\/\/natureshoofhelp.com\/dk-da\/#\/schema\/logo\/image\/","url":"https:\/\/i0.wp.com\/natureshoofhelp.com\/dk-da\/wp-content\/uploads\/2020\/09\/Natures-hoof-help-logo_72_010920.png?fit=1139%2C522&ssl=1","contentUrl":"https:\/\/i0.wp.com\/natureshoofhelp.com\/dk-da\/wp-content\/uploads\/2020\/09\/Natures-hoof-help-logo_72_010920.png?fit=1139%2C522&ssl=1","width":1139,"height":522,"caption":"Nature&#039;s Hoof Help"},"image":{"@id":"https:\/\/natureshoofhelp.com\/dk-da\/#\/schema\/logo\/image\/"},"sameAs":["https:\/\/www.facebook.com\/natureshoofhelp","https:\/\/www.instagram.com\/natureshoofhelp\/"]}]}},"jetpack_sharing_enabled":true,"_links":{"self":[{"href":"https:\/\/natureshoofhelp.com\/dk-da\/wp-json\/wp\/v2\/product\/1335","targetHints":{"allow":["GET"]}}],"collection":[{"href":"https:\/\/natureshoofhelp.com\/dk-da\/wp-json\/wp\/v2\/product"}],"about":[{"href":"https:\/\/natureshoofhelp.com\/dk-da\/wp-json\/wp\/v2\/types\/product"}],"wp:featuredmedia":[{"embeddable":true,"href":"https:\/\/natureshoofhelp.com\/dk-da\/wp-json\/wp\/v2\/media\/3028"}],"wp:attachment":[{"href":"https:\/\/natureshoofhelp.com\/dk-da\/wp-json\/wp\/v2\/media?parent=1335"}],"wp:term":[{"taxonomy":"product_brand","embeddable":true,"href":"https:\/\/natureshoofhelp.com\/dk-da\/wp-json\/wp\/v2\/product_brand?post=1335"},{"taxonomy":"product_cat","embeddable":true,"href":"https:\/\/natureshoofhelp.com\/dk-da\/wp-json\/wp\/v2\/product_cat?post=1335"},{"taxonomy":"product_tag","embeddable":true,"href":"https:\/\/natureshoofhelp.com\/dk-da\/wp-json\/wp\/v2\/product_tag?post=1335"}],"curies":[{"name":"wp","href":"https:\/\/api.w.org\/{rel}","templated":true}]}}