{"id":1673,"date":"2020-11-12T01:15:08","date_gmt":"2020-11-12T00:15:08","guid":{"rendered":"https:\/\/natureshoofhelp.com\/dk-da\/?post_type=product&#038;p=1673"},"modified":"2025-09-15T17:21:37","modified_gmt":"2025-09-15T16:21:37","slug":"komplet-produktsaet","status":"publish","type":"product","link":"https:\/\/natureshoofhelp.com\/dk-da\/vare\/komplet-produktsaet\/","title":{"rendered":"Komplet produkts\u00e6t"},"content":{"rendered":"<p><span style=\"font-size: 16px;\">Det komplette produkts\u00e6t best\u00e5r af:<\/span><\/p>\n<ul>\n<li>1 stk. <a href=\"https:\/\/natureshoofhelp.com\/dk-da\/vare\/natures-cleaning-wipes\/\" target=\"_blank\" rel=\"noopener noreferrer\">Nature&#8217;s CLEANING WIPES<\/a> til rensning og efterf\u00f8lgende vedligehold<\/li>\n<li>1 stk. <a href=\"https:\/\/natureshoofhelp.com\/dk-da\/vare\/natures-compress-large\/\" target=\"_blank\" rel=\"noopener noreferrer\">Nature&#8217;s COMPRESS<\/a> til pakning af dybe revner med store kompresser (5x5cm)<\/li>\n<li>1 stk. <a href=\"https:\/\/natureshoofhelp.com\/dk-da\/vare\/natures-clay\/\" target=\"_blank\" rel=\"noopener noreferrer\">Nature&#8217;s CLAY<\/a> til sm\u00e5 revner og efterf\u00f8lgende vedligehold<\/li>\n<li>Der medf\u00f8lger 3 stk. tr\u00e6spatler til rensning og pakning<\/li>\n<\/ul>\n<p>L\u00e6s mere om de enkelte produkter ved at klikke p\u00e5 navnet (de \u00e5bner p\u00e5 et nyt faneblad).<\/p>\n","protected":false},"excerpt":{"rendered":"<p>Her f\u00e5r du alle tre produkter i et samlet s\u00e6t inklusiv 3 tr\u00e6spatler.<\/p>\n<p>&nbsp;<\/p>\n","protected":false},"featured_media":3025,"template":"","meta":{"site-sidebar-layout":"default","site-content-layout":"default","ast-site-content-layout":"default","site-content-style":"default","site-sidebar-style":"default","ast-global-header-display":"","ast-banner-title-visibility":"","ast-main-header-display":"","ast-hfb-above-header-display":"","ast-hfb-below-header-display":"","ast-hfb-mobile-header-display":"","site-post-title":"","ast-breadcrumbs-content":"","ast-featured-img":"","footer-sml-layout":"","ast-disable-related-posts":"","theme-transparent-header-meta":"default","adv-header-id-meta":"","stick-header-meta":"","header-above-stick-meta":"","header-main-stick-meta":"","header-below-stick-meta":"","astra-migrate-meta-layouts":"set","ast-page-background-enabled":"default","ast-page-background-meta":{"desktop":{"background-color":"","background-image":"","background-repeat":"repeat","background-position":"center center","background-size":"auto","background-attachment":"scroll","background-type":"","background-media":"","overlay-type":"","overlay-color":"","overlay-opacity":"","overlay-gradient":""},"tablet":{"background-color":"","background-image":"","background-repeat":"repeat","background-position":"center center","background-size":"auto","background-attachment":"scroll","background-type":"","background-media":"","overlay-type":"","overlay-color":"","overlay-opacity":"","overlay-gradient":""},"mobile":{"background-color":"","background-image":"","background-repeat":"repeat","background-position":"center center","background-size":"auto","background-attachment":"scroll","background-type":"","background-media":"","overlay-type":"","overlay-color":"","overlay-opacity":"","overlay-gradient":""}},"ast-content-background-meta":{"desktop":{"background-color":"var(--ast-global-color-5)","background-image":"","background-repeat":"repeat","background-position":"center center","background-size":"auto","background-attachment":"scroll","background-type":"","background-media":"","overlay-type":"","overlay-color":"","overlay-opacity":"","overlay-gradient":""},"tablet":{"background-color":"var(--ast-global-color-5)","background-image":"","background-repeat":"repeat","background-position":"center center","background-size":"auto","background-attachment":"scroll","background-type":"","background-media":"","overlay-type":"","overlay-color":"","overlay-opacity":"","overlay-gradient":""},"mobile":{"background-color":"var(--ast-global-color-5)","background-image":"","background-repeat":"repeat","background-position":"center center","background-size":"auto","background-attachment":"scroll","background-type":"","background-media":"","overlay-type":"","overlay-color":"","overlay-opacity":"","overlay-gradient":""}}},"product_brand":[],"product_cat":[41,54],"product_tag":[],"class_list":{"0":"post-1673","1":"product","2":"type-product","3":"status-publish","4":"has-post-thumbnail","6":"product_cat-produktsaet","7":"product_cat-sur-straale","8":"desktop-align-left","9":"tablet-align-left","10":"mobile-align-left","12":"first","13":"instock","14":"taxable","15":"shipping-taxable","16":"purchasable","17":"product-type-simple"},"supplier_id":null,"supplier_sku":"","barcode":null,"atum_controlled":false,"out_stock_date":null,"out_stock_threshold":null,"inheritable":false,"inbound_stock":null,"stock_on_hold":0,"sold_today":0,"sales_last_days":0,"reserved_stock":null,"customer_returns":null,"warehouse_damage":null,"lost_in_post":null,"other_logs":null,"out_stock_days":0,"lost_sales":0,"has_location":false,"update_date":"2026-05-13T00:09:55","atum_locations":[],"atum_stock_status":"instock","restock_status":false,"low_stock_amount":"","sales_update_date":"2026-05-13T00:09:55","calc_backorders":null,"yoast_head":"<!-- This site is optimized with the Yoast SEO plugin v27.6 - https:\/\/yoast.com\/product\/yoast-seo-wordpress\/ -->\n<title>Komplet produkts\u00e6t - Nature&#039;s Hoof Help<\/title>\n<meta name=\"robots\" content=\"index, follow, max-snippet:-1, max-image-preview:large, max-video-preview:-1\" \/>\n<link rel=\"canonical\" href=\"https:\/\/natureshoofhelp.com\/dk-da\/vare\/komplet-produktsaet\/\" \/>\n<meta property=\"og:locale\" content=\"da_DK\" \/>\n<meta property=\"og:type\" content=\"article\" \/>\n<meta property=\"og:title\" content=\"Komplet produkts\u00e6t - Nature&#039;s Hoof Help\" \/>\n<meta property=\"og:description\" content=\"Her f\u00e5r du alle tre produkter i et samlet s\u00e6t inklusiv 3 tr\u00e6spatler.  &nbsp;\" \/>\n<meta property=\"og:url\" content=\"https:\/\/natureshoofhelp.com\/dk-da\/vare\/komplet-produktsaet\/\" \/>\n<meta property=\"og:site_name\" content=\"Nature&#039;s Hoof Help\" \/>\n<meta property=\"article:publisher\" content=\"https:\/\/www.facebook.com\/natureshoofhelp\" \/>\n<meta property=\"article:modified_time\" content=\"2025-09-15T16:21:37+00:00\" \/>\n<meta property=\"og:image\" content=\"https:\/\/natureshoofhelp.com\/dk-da\/wp-content\/uploads\/2020\/11\/IMG_5332-2-scaled.jpg\" \/>\n\t<meta property=\"og:image:width\" content=\"1707\" \/>\n\t<meta property=\"og:image:height\" content=\"2560\" \/>\n\t<meta property=\"og:image:type\" content=\"image\/jpeg\" \/>\n<meta name=\"twitter:card\" content=\"summary_large_image\" \/>\n<meta name=\"twitter:label1\" content=\"Estimeret l\u00e6setid\" \/>\n\t<meta name=\"twitter:data1\" content=\"1 minut\" \/>\n<script type=\"application\/ld+json\" class=\"yoast-schema-graph\">{\"@context\":\"https:\\\/\\\/schema.org\",\"@graph\":[{\"@type\":\"WebPage\",\"@id\":\"https:\\\/\\\/natureshoofhelp.com\\\/dk-da\\\/vare\\\/komplet-produktsaet\\\/\",\"url\":\"https:\\\/\\\/natureshoofhelp.com\\\/dk-da\\\/vare\\\/komplet-produktsaet\\\/\",\"name\":\"Komplet produkts\u00e6t - Nature&#039;s Hoof Help\",\"isPartOf\":{\"@id\":\"https:\\\/\\\/natureshoofhelp.com\\\/dk-da\\\/#website\"},\"primaryImageOfPage\":{\"@id\":\"https:\\\/\\\/natureshoofhelp.com\\\/dk-da\\\/vare\\\/komplet-produktsaet\\\/#primaryimage\"},\"image\":{\"@id\":\"https:\\\/\\\/natureshoofhelp.com\\\/dk-da\\\/vare\\\/komplet-produktsaet\\\/#primaryimage\"},\"thumbnailUrl\":\"https:\\\/\\\/i0.wp.com\\\/natureshoofhelp.com\\\/dk-da\\\/wp-content\\\/uploads\\\/2020\\\/11\\\/IMG_5332-2-scaled.jpg?fit=1707%2C2560&ssl=1\",\"datePublished\":\"2020-11-12T00:15:08+00:00\",\"dateModified\":\"2025-09-15T16:21:37+00:00\",\"breadcrumb\":{\"@id\":\"https:\\\/\\\/natureshoofhelp.com\\\/dk-da\\\/vare\\\/komplet-produktsaet\\\/#breadcrumb\"},\"inLanguage\":\"da-DK\",\"potentialAction\":[{\"@type\":\"ReadAction\",\"target\":[\"https:\\\/\\\/natureshoofhelp.com\\\/dk-da\\\/vare\\\/komplet-produktsaet\\\/\"]}]},{\"@type\":\"ImageObject\",\"inLanguage\":\"da-DK\",\"@id\":\"https:\\\/\\\/natureshoofhelp.com\\\/dk-da\\\/vare\\\/komplet-produktsaet\\\/#primaryimage\",\"url\":\"https:\\\/\\\/i0.wp.com\\\/natureshoofhelp.com\\\/dk-da\\\/wp-content\\\/uploads\\\/2020\\\/11\\\/IMG_5332-2-scaled.jpg?fit=1707%2C2560&ssl=1\",\"contentUrl\":\"https:\\\/\\\/i0.wp.com\\\/natureshoofhelp.com\\\/dk-da\\\/wp-content\\\/uploads\\\/2020\\\/11\\\/IMG_5332-2-scaled.jpg?fit=1707%2C2560&ssl=1\",\"width\":1707,\"height\":2560},{\"@type\":\"BreadcrumbList\",\"@id\":\"https:\\\/\\\/natureshoofhelp.com\\\/dk-da\\\/vare\\\/komplet-produktsaet\\\/#breadcrumb\",\"itemListElement\":[{\"@type\":\"ListItem\",\"position\":1,\"name\":\"Hjem\",\"item\":\"https:\\\/\\\/natureshoofhelp.com\\\/dk-da\\\/\"},{\"@type\":\"ListItem\",\"position\":2,\"name\":\"Produkter\",\"item\":\"https:\\\/\\\/natureshoofhelp.com\\\/dk-da\\\/produkter\\\/\"},{\"@type\":\"ListItem\",\"position\":3,\"name\":\"Komplet produkts\u00e6t\"}]},{\"@type\":\"WebSite\",\"@id\":\"https:\\\/\\\/natureshoofhelp.com\\\/dk-da\\\/#website\",\"url\":\"https:\\\/\\\/natureshoofhelp.com\\\/dk-da\\\/\",\"name\":\"Nature&#039;s Hoof Help\",\"description\":\"Naturlige og sk\u00e5nsomme produkter mod sur str\u00e5le hos heste\",\"publisher\":{\"@id\":\"https:\\\/\\\/natureshoofhelp.com\\\/dk-da\\\/#organization\"},\"potentialAction\":[{\"@type\":\"SearchAction\",\"target\":{\"@type\":\"EntryPoint\",\"urlTemplate\":\"https:\\\/\\\/natureshoofhelp.com\\\/dk-da\\\/?s={search_term_string}\"},\"query-input\":{\"@type\":\"PropertyValueSpecification\",\"valueRequired\":true,\"valueName\":\"search_term_string\"}}],\"inLanguage\":\"da-DK\"},{\"@type\":\"Organization\",\"@id\":\"https:\\\/\\\/natureshoofhelp.com\\\/dk-da\\\/#organization\",\"name\":\"Nature&#039;s Hoof Help\",\"url\":\"https:\\\/\\\/natureshoofhelp.com\\\/dk-da\\\/\",\"logo\":{\"@type\":\"ImageObject\",\"inLanguage\":\"da-DK\",\"@id\":\"https:\\\/\\\/natureshoofhelp.com\\\/dk-da\\\/#\\\/schema\\\/logo\\\/image\\\/\",\"url\":\"https:\\\/\\\/i0.wp.com\\\/natureshoofhelp.com\\\/dk-da\\\/wp-content\\\/uploads\\\/2020\\\/09\\\/Natures-hoof-help-logo_72_010920.png?fit=1139%2C522&ssl=1\",\"contentUrl\":\"https:\\\/\\\/i0.wp.com\\\/natureshoofhelp.com\\\/dk-da\\\/wp-content\\\/uploads\\\/2020\\\/09\\\/Natures-hoof-help-logo_72_010920.png?fit=1139%2C522&ssl=1\",\"width\":1139,\"height\":522,\"caption\":\"Nature&#039;s Hoof Help\"},\"image\":{\"@id\":\"https:\\\/\\\/natureshoofhelp.com\\\/dk-da\\\/#\\\/schema\\\/logo\\\/image\\\/\"},\"sameAs\":[\"https:\\\/\\\/www.facebook.com\\\/natureshoofhelp\",\"https:\\\/\\\/www.instagram.com\\\/natureshoofhelp\\\/\"]}]}<\/script>\n<!-- \/ Yoast SEO plugin. -->","yoast_head_json":{"title":"Komplet produkts\u00e6t - Nature&#039;s Hoof Help","robots":{"index":"index","follow":"follow","max-snippet":"max-snippet:-1","max-image-preview":"max-image-preview:large","max-video-preview":"max-video-preview:-1"},"canonical":"https:\/\/natureshoofhelp.com\/dk-da\/vare\/komplet-produktsaet\/","og_locale":"da_DK","og_type":"article","og_title":"Komplet produkts\u00e6t - Nature&#039;s Hoof Help","og_description":"Her f\u00e5r du alle tre produkter i et samlet s\u00e6t inklusiv 3 tr\u00e6spatler.  &nbsp;","og_url":"https:\/\/natureshoofhelp.com\/dk-da\/vare\/komplet-produktsaet\/","og_site_name":"Nature&#039;s Hoof Help","article_publisher":"https:\/\/www.facebook.com\/natureshoofhelp","article_modified_time":"2025-09-15T16:21:37+00:00","og_image":[{"width":1707,"height":2560,"url":"https:\/\/natureshoofhelp.com\/dk-da\/wp-content\/uploads\/2020\/11\/IMG_5332-2-scaled.jpg","type":"image\/jpeg"}],"twitter_card":"summary_large_image","twitter_misc":{"Estimeret l\u00e6setid":"1 minut"},"schema":{"@context":"https:\/\/schema.org","@graph":[{"@type":"WebPage","@id":"https:\/\/natureshoofhelp.com\/dk-da\/vare\/komplet-produktsaet\/","url":"https:\/\/natureshoofhelp.com\/dk-da\/vare\/komplet-produktsaet\/","name":"Komplet produkts\u00e6t - Nature&#039;s Hoof Help","isPartOf":{"@id":"https:\/\/natureshoofhelp.com\/dk-da\/#website"},"primaryImageOfPage":{"@id":"https:\/\/natureshoofhelp.com\/dk-da\/vare\/komplet-produktsaet\/#primaryimage"},"image":{"@id":"https:\/\/natureshoofhelp.com\/dk-da\/vare\/komplet-produktsaet\/#primaryimage"},"thumbnailUrl":"https:\/\/i0.wp.com\/natureshoofhelp.com\/dk-da\/wp-content\/uploads\/2020\/11\/IMG_5332-2-scaled.jpg?fit=1707%2C2560&ssl=1","datePublished":"2020-11-12T00:15:08+00:00","dateModified":"2025-09-15T16:21:37+00:00","breadcrumb":{"@id":"https:\/\/natureshoofhelp.com\/dk-da\/vare\/komplet-produktsaet\/#breadcrumb"},"inLanguage":"da-DK","potentialAction":[{"@type":"ReadAction","target":["https:\/\/natureshoofhelp.com\/dk-da\/vare\/komplet-produktsaet\/"]}]},{"@type":"ImageObject","inLanguage":"da-DK","@id":"https:\/\/natureshoofhelp.com\/dk-da\/vare\/komplet-produktsaet\/#primaryimage","url":"https:\/\/i0.wp.com\/natureshoofhelp.com\/dk-da\/wp-content\/uploads\/2020\/11\/IMG_5332-2-scaled.jpg?fit=1707%2C2560&ssl=1","contentUrl":"https:\/\/i0.wp.com\/natureshoofhelp.com\/dk-da\/wp-content\/uploads\/2020\/11\/IMG_5332-2-scaled.jpg?fit=1707%2C2560&ssl=1","width":1707,"height":2560},{"@type":"BreadcrumbList","@id":"https:\/\/natureshoofhelp.com\/dk-da\/vare\/komplet-produktsaet\/#breadcrumb","itemListElement":[{"@type":"ListItem","position":1,"name":"Hjem","item":"https:\/\/natureshoofhelp.com\/dk-da\/"},{"@type":"ListItem","position":2,"name":"Produkter","item":"https:\/\/natureshoofhelp.com\/dk-da\/produkter\/"},{"@type":"ListItem","position":3,"name":"Komplet produkts\u00e6t"}]},{"@type":"WebSite","@id":"https:\/\/natureshoofhelp.com\/dk-da\/#website","url":"https:\/\/natureshoofhelp.com\/dk-da\/","name":"Nature&#039;s Hoof Help","description":"Naturlige og sk\u00e5nsomme produkter mod sur str\u00e5le hos heste","publisher":{"@id":"https:\/\/natureshoofhelp.com\/dk-da\/#organization"},"potentialAction":[{"@type":"SearchAction","target":{"@type":"EntryPoint","urlTemplate":"https:\/\/natureshoofhelp.com\/dk-da\/?s={search_term_string}"},"query-input":{"@type":"PropertyValueSpecification","valueRequired":true,"valueName":"search_term_string"}}],"inLanguage":"da-DK"},{"@type":"Organization","@id":"https:\/\/natureshoofhelp.com\/dk-da\/#organization","name":"Nature&#039;s Hoof Help","url":"https:\/\/natureshoofhelp.com\/dk-da\/","logo":{"@type":"ImageObject","inLanguage":"da-DK","@id":"https:\/\/natureshoofhelp.com\/dk-da\/#\/schema\/logo\/image\/","url":"https:\/\/i0.wp.com\/natureshoofhelp.com\/dk-da\/wp-content\/uploads\/2020\/09\/Natures-hoof-help-logo_72_010920.png?fit=1139%2C522&ssl=1","contentUrl":"https:\/\/i0.wp.com\/natureshoofhelp.com\/dk-da\/wp-content\/uploads\/2020\/09\/Natures-hoof-help-logo_72_010920.png?fit=1139%2C522&ssl=1","width":1139,"height":522,"caption":"Nature&#039;s Hoof Help"},"image":{"@id":"https:\/\/natureshoofhelp.com\/dk-da\/#\/schema\/logo\/image\/"},"sameAs":["https:\/\/www.facebook.com\/natureshoofhelp","https:\/\/www.instagram.com\/natureshoofhelp\/"]}]}},"jetpack_sharing_enabled":true,"_links":{"self":[{"href":"https:\/\/natureshoofhelp.com\/dk-da\/wp-json\/wp\/v2\/product\/1673","targetHints":{"allow":["GET"]}}],"collection":[{"href":"https:\/\/natureshoofhelp.com\/dk-da\/wp-json\/wp\/v2\/product"}],"about":[{"href":"https:\/\/natureshoofhelp.com\/dk-da\/wp-json\/wp\/v2\/types\/product"}],"wp:featuredmedia":[{"embeddable":true,"href":"https:\/\/natureshoofhelp.com\/dk-da\/wp-json\/wp\/v2\/media\/3025"}],"wp:attachment":[{"href":"https:\/\/natureshoofhelp.com\/dk-da\/wp-json\/wp\/v2\/media?parent=1673"}],"wp:term":[{"taxonomy":"product_brand","embeddable":true,"href":"https:\/\/natureshoofhelp.com\/dk-da\/wp-json\/wp\/v2\/product_brand?post=1673"},{"taxonomy":"product_cat","embeddable":true,"href":"https:\/\/natureshoofhelp.com\/dk-da\/wp-json\/wp\/v2\/product_cat?post=1673"},{"taxonomy":"product_tag","embeddable":true,"href":"https:\/\/natureshoofhelp.com\/dk-da\/wp-json\/wp\/v2\/product_tag?post=1673"}],"curies":[{"name":"wp","href":"https:\/\/api.w.org\/{rel}","templated":true}]}}