{"id":1810,"date":"2021-07-12T18:11:44","date_gmt":"2021-07-12T17:11:44","guid":{"rendered":"https:\/\/natureshoofhelp.com\/dk-da\/?post_type=product&#038;p=1810"},"modified":"2025-09-25T16:04:20","modified_gmt":"2025-09-25T15:04:20","slug":"natures-calming-creme","status":"publish","type":"product","link":"https:\/\/natureshoofhelp.com\/dk-da\/vare\/natures-calming-creme\/","title":{"rendered":"Nature&#8217;s CALMING CREME"},"content":{"rendered":"<p><em><strong>\u00a0<\/strong><\/em><\/p>\n<p>Nature\u2019s CALMING CREME anvendes til heste med s\u00e5r og skrammer.<\/p>\n<p><strong>S\u00e5dan anvender du produktet<\/strong><\/p>\n<p>B\u00f8rst omr\u00e5det igennem og del h\u00e5ret op i sektioner, s\u00e5 det er muligt at sm\u00f8re cremen p\u00e5 huden. P\u00e5f\u00f8r en lille m\u00e6ngde CALMING CREME p\u00e5 huden og forts\u00e6t med at adskille h\u00e5ret og p\u00e5f\u00f8re, indtil det p\u00e5virkede omr\u00e5de er behandlet.<\/p>\n<p><strong>S\u00e5dan virker det<\/strong><\/p>\n<p><span style=\"font-weight: 400;\">Zinkoxiden har\u00a0en beroligende effekt p\u00e5 irriteret v\u00e6v og fremmer helingsprocessen. Den er desuden antiseptisk og mild antibakteriel.\u00a0Lindehonningen er s\u00e6rligt kendt for sin antiseptiske virkning og giver samtidig blandingen en kl\u00e6brig konsistens, der h\u00e6fter bedre. De \u00e6teriske olier er udvalgt for deres antibakterielle og antifungale effekt, ligesom de beroliger irriteret v\u00e6v.<\/span><\/p>\n<p><strong>OBS! <\/strong><\/p>\n<p>Mennesker og dyr kan reagere allergisk over for forskellige stoffer, og selvom der er udvalgt ingredienser med lav allergenrisiko, kan der ikke afvises en reaktion hos det enkelte individ. Derfor kan det v\u00e6re hensigtsm\u00e6ssigt at teste, hvorvidt hesten kan t\u00e5le produktet p\u00e5 et lille omr\u00e5de inden brug. Ses der en uhensigtsm\u00e6ssig reaktion stop da brugen og kontakt dyrl\u00e6gen.<\/p>\n<p>I tilf\u00e6lde af \u00f8jenkontakt, skyl grundigt med rent vand. Ved irritation, s\u00f8g egen l\u00e6ge. Undg\u00e5 indtagelse af produktet. Ved ubehag eller irritation, s\u00f8g egen l\u00e6ge.<br \/>\nProduktet er kun til brug p\u00e5 heste.<\/p>\n","protected":false},"excerpt":{"rendered":"<p>Nature\u2019s CALMING CREME anvendes til heste med s\u00e5r og skrammer. 250 ml.<\/p>\n<p><a href=\"https:\/\/natureshoofhelp.com\/dk-da\/wp-content\/uploads\/2020\/10\/Produktdatablad_CLAY_dk_091120.pdf\" target=\"_blank\" rel=\"noopener noreferrer\"><img decoding=\"async\" class=\"alignnone wp-image-1734\" title=\"http:\/\/www.freepik.com\" src=\"https:\/\/natureshoofhelp.com\/dk-da\/wp-content\/uploads\/2020\/10\/document-150x150.png\" alt=\"\" width=\"20\" height=\"20\" srcset=\"https:\/\/i0.wp.com\/natureshoofhelp.com\/dk-da\/wp-content\/uploads\/2020\/10\/document.png?resize=150%2C150&amp;ssl=1 150w, https:\/\/i0.wp.com\/natureshoofhelp.com\/dk-da\/wp-content\/uploads\/2020\/10\/document.png?resize=300%2C300&amp;ssl=1 300w, https:\/\/i0.wp.com\/natureshoofhelp.com\/dk-da\/wp-content\/uploads\/2020\/10\/document.png?resize=100%2C100&amp;ssl=1 100w, https:\/\/i0.wp.com\/natureshoofhelp.com\/dk-da\/wp-content\/uploads\/2020\/10\/document.png?w=512&amp;ssl=1 512w\" sizes=\"(max-width: 20px) 100vw, 20px\" \/><\/a><a href=\"https:\/\/natureshoofhelp.com\/dk-da\/wp-content\/uploads\/2021\/07\/Produktdatablad_CALMING-CREME_dk_120721.pdf\" target=\"_blank\" rel=\"noopener noreferrer\"> Download produktdatablad for Nature&#8217;s CALMING CREME<\/a><\/p>\n<p>&nbsp;<\/p>\n","protected":false},"featured_media":3022,"template":"","meta":{"site-sidebar-layout":"default","site-content-layout":"default","ast-site-content-layout":"default","site-content-style":"default","site-sidebar-style":"default","ast-global-header-display":"","ast-banner-title-visibility":"","ast-main-header-display":"","ast-hfb-above-header-display":"","ast-hfb-below-header-display":"","ast-hfb-mobile-header-display":"","site-post-title":"","ast-breadcrumbs-content":"","ast-featured-img":"","footer-sml-layout":"","ast-disable-related-posts":"","theme-transparent-header-meta":"default","adv-header-id-meta":"","stick-header-meta":"","header-above-stick-meta":"","header-main-stick-meta":"","header-below-stick-meta":"","astra-migrate-meta-layouts":"set","ast-page-background-enabled":"default","ast-page-background-meta":{"desktop":{"background-color":"","background-image":"","background-repeat":"repeat","background-position":"center center","background-size":"auto","background-attachment":"scroll","background-type":"","background-media":"","overlay-type":"","overlay-color":"","overlay-opacity":"","overlay-gradient":""},"tablet":{"background-color":"","background-image":"","background-repeat":"repeat","background-position":"center center","background-size":"auto","background-attachment":"scroll","background-type":"","background-media":"","overlay-type":"","overlay-color":"","overlay-opacity":"","overlay-gradient":""},"mobile":{"background-color":"","background-image":"","background-repeat":"repeat","background-position":"center center","background-size":"auto","background-attachment":"scroll","background-type":"","background-media":"","overlay-type":"","overlay-color":"","overlay-opacity":"","overlay-gradient":""}},"ast-content-background-meta":{"desktop":{"background-color":"var(--ast-global-color-5)","background-image":"","background-repeat":"repeat","background-position":"center center","background-size":"auto","background-attachment":"scroll","background-type":"","background-media":"","overlay-type":"","overlay-color":"","overlay-opacity":"","overlay-gradient":""},"tablet":{"background-color":"var(--ast-global-color-5)","background-image":"","background-repeat":"repeat","background-position":"center center","background-size":"auto","background-attachment":"scroll","background-type":"","background-media":"","overlay-type":"","overlay-color":"","overlay-opacity":"","overlay-gradient":""},"mobile":{"background-color":"var(--ast-global-color-5)","background-image":"","background-repeat":"repeat","background-position":"center center","background-size":"auto","background-attachment":"scroll","background-type":"","background-media":"","overlay-type":"","overlay-color":"","overlay-opacity":"","overlay-gradient":""}}},"product_brand":[],"product_cat":[55],"product_tag":[],"class_list":{"0":"post-1810","1":"product","2":"type-product","3":"status-publish","4":"has-post-thumbnail","6":"product_cat-hud","7":"desktop-align-left","8":"tablet-align-left","9":"mobile-align-left","11":"first","12":"instock","13":"taxable","14":"shipping-taxable","15":"purchasable","16":"product-type-simple"},"supplier_id":null,"supplier_sku":"20101","barcode":null,"atum_controlled":true,"out_stock_date":null,"out_stock_threshold":null,"inheritable":false,"inbound_stock":null,"stock_on_hold":5,"sold_today":5,"sales_last_days":7,"reserved_stock":null,"customer_returns":null,"warehouse_damage":null,"lost_in_post":null,"other_logs":null,"out_stock_days":0,"lost_sales":0,"has_location":false,"update_date":"2026-05-15T07:43:54","atum_locations":[],"atum_stock_status":"instock","restock_status":false,"low_stock_amount":"","sales_update_date":"2026-05-15T07:43:54","calc_backorders":null,"yoast_head":"<!-- This site is optimized with the Yoast SEO plugin v27.6 - https:\/\/yoast.com\/product\/yoast-seo-wordpress\/ -->\n<title>Nature&#039;s CALMING CREME - Nature&#039;s Hoof Help<\/title>\n<meta name=\"robots\" content=\"index, follow, max-snippet:-1, max-image-preview:large, max-video-preview:-1\" \/>\n<link rel=\"canonical\" href=\"https:\/\/natureshoofhelp.com\/dk-da\/vare\/natures-calming-creme\/\" \/>\n<meta property=\"og:locale\" content=\"da_DK\" \/>\n<meta property=\"og:type\" content=\"article\" \/>\n<meta property=\"og:title\" content=\"Nature&#039;s CALMING CREME - Nature&#039;s Hoof Help\" \/>\n<meta property=\"og:description\" content=\"Nature\u2019s CALMING CREME anvendes til heste med s\u00e5r og skrammer. 250 ml.   Download produktdatablad for Nature&#039;s CALMING CREME  &nbsp;\" \/>\n<meta property=\"og:url\" content=\"https:\/\/natureshoofhelp.com\/dk-da\/vare\/natures-calming-creme\/\" \/>\n<meta property=\"og:site_name\" content=\"Nature&#039;s Hoof Help\" \/>\n<meta property=\"article:publisher\" content=\"https:\/\/www.facebook.com\/natureshoofhelp\" \/>\n<meta property=\"article:modified_time\" content=\"2025-09-25T15:04:20+00:00\" \/>\n<meta property=\"og:image\" content=\"https:\/\/natureshoofhelp.com\/dk-da\/wp-content\/uploads\/2024\/11\/IMG_5200-scaled.jpg\" \/>\n\t<meta property=\"og:image:width\" content=\"2560\" \/>\n\t<meta property=\"og:image:height\" content=\"1707\" \/>\n\t<meta property=\"og:image:type\" content=\"image\/jpeg\" \/>\n<meta name=\"twitter:card\" content=\"summary_large_image\" \/>\n<meta name=\"twitter:label1\" content=\"Estimeret l\u00e6setid\" \/>\n\t<meta name=\"twitter:data1\" content=\"2 minutter\" \/>\n<script type=\"application\/ld+json\" class=\"yoast-schema-graph\">{\"@context\":\"https:\\\/\\\/schema.org\",\"@graph\":[{\"@type\":\"WebPage\",\"@id\":\"https:\\\/\\\/natureshoofhelp.com\\\/dk-da\\\/vare\\\/natures-calming-creme\\\/\",\"url\":\"https:\\\/\\\/natureshoofhelp.com\\\/dk-da\\\/vare\\\/natures-calming-creme\\\/\",\"name\":\"Nature's CALMING CREME - Nature&#039;s Hoof Help\",\"isPartOf\":{\"@id\":\"https:\\\/\\\/natureshoofhelp.com\\\/dk-da\\\/#website\"},\"primaryImageOfPage\":{\"@id\":\"https:\\\/\\\/natureshoofhelp.com\\\/dk-da\\\/vare\\\/natures-calming-creme\\\/#primaryimage\"},\"image\":{\"@id\":\"https:\\\/\\\/natureshoofhelp.com\\\/dk-da\\\/vare\\\/natures-calming-creme\\\/#primaryimage\"},\"thumbnailUrl\":\"https:\\\/\\\/i0.wp.com\\\/natureshoofhelp.com\\\/dk-da\\\/wp-content\\\/uploads\\\/2024\\\/11\\\/IMG_5200-scaled.jpg?fit=2560%2C1707&ssl=1\",\"datePublished\":\"2021-07-12T17:11:44+00:00\",\"dateModified\":\"2025-09-25T15:04:20+00:00\",\"breadcrumb\":{\"@id\":\"https:\\\/\\\/natureshoofhelp.com\\\/dk-da\\\/vare\\\/natures-calming-creme\\\/#breadcrumb\"},\"inLanguage\":\"da-DK\",\"potentialAction\":[{\"@type\":\"ReadAction\",\"target\":[\"https:\\\/\\\/natureshoofhelp.com\\\/dk-da\\\/vare\\\/natures-calming-creme\\\/\"]}]},{\"@type\":\"ImageObject\",\"inLanguage\":\"da-DK\",\"@id\":\"https:\\\/\\\/natureshoofhelp.com\\\/dk-da\\\/vare\\\/natures-calming-creme\\\/#primaryimage\",\"url\":\"https:\\\/\\\/i0.wp.com\\\/natureshoofhelp.com\\\/dk-da\\\/wp-content\\\/uploads\\\/2024\\\/11\\\/IMG_5200-scaled.jpg?fit=2560%2C1707&ssl=1\",\"contentUrl\":\"https:\\\/\\\/i0.wp.com\\\/natureshoofhelp.com\\\/dk-da\\\/wp-content\\\/uploads\\\/2024\\\/11\\\/IMG_5200-scaled.jpg?fit=2560%2C1707&ssl=1\",\"width\":2560,\"height\":1707},{\"@type\":\"BreadcrumbList\",\"@id\":\"https:\\\/\\\/natureshoofhelp.com\\\/dk-da\\\/vare\\\/natures-calming-creme\\\/#breadcrumb\",\"itemListElement\":[{\"@type\":\"ListItem\",\"position\":1,\"name\":\"Hjem\",\"item\":\"https:\\\/\\\/natureshoofhelp.com\\\/dk-da\\\/\"},{\"@type\":\"ListItem\",\"position\":2,\"name\":\"Produkter\",\"item\":\"https:\\\/\\\/natureshoofhelp.com\\\/dk-da\\\/produkter\\\/\"},{\"@type\":\"ListItem\",\"position\":3,\"name\":\"Nature&#8217;s CALMING CREME\"}]},{\"@type\":\"WebSite\",\"@id\":\"https:\\\/\\\/natureshoofhelp.com\\\/dk-da\\\/#website\",\"url\":\"https:\\\/\\\/natureshoofhelp.com\\\/dk-da\\\/\",\"name\":\"Nature&#039;s Hoof Help\",\"description\":\"Naturlige og sk\u00e5nsomme produkter mod sur str\u00e5le hos heste\",\"publisher\":{\"@id\":\"https:\\\/\\\/natureshoofhelp.com\\\/dk-da\\\/#organization\"},\"potentialAction\":[{\"@type\":\"SearchAction\",\"target\":{\"@type\":\"EntryPoint\",\"urlTemplate\":\"https:\\\/\\\/natureshoofhelp.com\\\/dk-da\\\/?s={search_term_string}\"},\"query-input\":{\"@type\":\"PropertyValueSpecification\",\"valueRequired\":true,\"valueName\":\"search_term_string\"}}],\"inLanguage\":\"da-DK\"},{\"@type\":\"Organization\",\"@id\":\"https:\\\/\\\/natureshoofhelp.com\\\/dk-da\\\/#organization\",\"name\":\"Nature&#039;s Hoof Help\",\"url\":\"https:\\\/\\\/natureshoofhelp.com\\\/dk-da\\\/\",\"logo\":{\"@type\":\"ImageObject\",\"inLanguage\":\"da-DK\",\"@id\":\"https:\\\/\\\/natureshoofhelp.com\\\/dk-da\\\/#\\\/schema\\\/logo\\\/image\\\/\",\"url\":\"https:\\\/\\\/i0.wp.com\\\/natureshoofhelp.com\\\/dk-da\\\/wp-content\\\/uploads\\\/2020\\\/09\\\/Natures-hoof-help-logo_72_010920.png?fit=1139%2C522&ssl=1\",\"contentUrl\":\"https:\\\/\\\/i0.wp.com\\\/natureshoofhelp.com\\\/dk-da\\\/wp-content\\\/uploads\\\/2020\\\/09\\\/Natures-hoof-help-logo_72_010920.png?fit=1139%2C522&ssl=1\",\"width\":1139,\"height\":522,\"caption\":\"Nature&#039;s Hoof Help\"},\"image\":{\"@id\":\"https:\\\/\\\/natureshoofhelp.com\\\/dk-da\\\/#\\\/schema\\\/logo\\\/image\\\/\"},\"sameAs\":[\"https:\\\/\\\/www.facebook.com\\\/natureshoofhelp\",\"https:\\\/\\\/www.instagram.com\\\/natureshoofhelp\\\/\"]}]}<\/script>\n<!-- \/ Yoast SEO plugin. -->","yoast_head_json":{"title":"Nature's CALMING CREME - Nature&#039;s Hoof Help","robots":{"index":"index","follow":"follow","max-snippet":"max-snippet:-1","max-image-preview":"max-image-preview:large","max-video-preview":"max-video-preview:-1"},"canonical":"https:\/\/natureshoofhelp.com\/dk-da\/vare\/natures-calming-creme\/","og_locale":"da_DK","og_type":"article","og_title":"Nature's CALMING CREME - Nature&#039;s Hoof Help","og_description":"Nature\u2019s CALMING CREME anvendes til heste med s\u00e5r og skrammer. 250 ml.   Download produktdatablad for Nature's CALMING CREME  &nbsp;","og_url":"https:\/\/natureshoofhelp.com\/dk-da\/vare\/natures-calming-creme\/","og_site_name":"Nature&#039;s Hoof Help","article_publisher":"https:\/\/www.facebook.com\/natureshoofhelp","article_modified_time":"2025-09-25T15:04:20+00:00","og_image":[{"width":2560,"height":1707,"url":"https:\/\/natureshoofhelp.com\/dk-da\/wp-content\/uploads\/2024\/11\/IMG_5200-scaled.jpg","type":"image\/jpeg"}],"twitter_card":"summary_large_image","twitter_misc":{"Estimeret l\u00e6setid":"2 minutter"},"schema":{"@context":"https:\/\/schema.org","@graph":[{"@type":"WebPage","@id":"https:\/\/natureshoofhelp.com\/dk-da\/vare\/natures-calming-creme\/","url":"https:\/\/natureshoofhelp.com\/dk-da\/vare\/natures-calming-creme\/","name":"Nature's CALMING CREME - Nature&#039;s Hoof Help","isPartOf":{"@id":"https:\/\/natureshoofhelp.com\/dk-da\/#website"},"primaryImageOfPage":{"@id":"https:\/\/natureshoofhelp.com\/dk-da\/vare\/natures-calming-creme\/#primaryimage"},"image":{"@id":"https:\/\/natureshoofhelp.com\/dk-da\/vare\/natures-calming-creme\/#primaryimage"},"thumbnailUrl":"https:\/\/i0.wp.com\/natureshoofhelp.com\/dk-da\/wp-content\/uploads\/2024\/11\/IMG_5200-scaled.jpg?fit=2560%2C1707&ssl=1","datePublished":"2021-07-12T17:11:44+00:00","dateModified":"2025-09-25T15:04:20+00:00","breadcrumb":{"@id":"https:\/\/natureshoofhelp.com\/dk-da\/vare\/natures-calming-creme\/#breadcrumb"},"inLanguage":"da-DK","potentialAction":[{"@type":"ReadAction","target":["https:\/\/natureshoofhelp.com\/dk-da\/vare\/natures-calming-creme\/"]}]},{"@type":"ImageObject","inLanguage":"da-DK","@id":"https:\/\/natureshoofhelp.com\/dk-da\/vare\/natures-calming-creme\/#primaryimage","url":"https:\/\/i0.wp.com\/natureshoofhelp.com\/dk-da\/wp-content\/uploads\/2024\/11\/IMG_5200-scaled.jpg?fit=2560%2C1707&ssl=1","contentUrl":"https:\/\/i0.wp.com\/natureshoofhelp.com\/dk-da\/wp-content\/uploads\/2024\/11\/IMG_5200-scaled.jpg?fit=2560%2C1707&ssl=1","width":2560,"height":1707},{"@type":"BreadcrumbList","@id":"https:\/\/natureshoofhelp.com\/dk-da\/vare\/natures-calming-creme\/#breadcrumb","itemListElement":[{"@type":"ListItem","position":1,"name":"Hjem","item":"https:\/\/natureshoofhelp.com\/dk-da\/"},{"@type":"ListItem","position":2,"name":"Produkter","item":"https:\/\/natureshoofhelp.com\/dk-da\/produkter\/"},{"@type":"ListItem","position":3,"name":"Nature&#8217;s CALMING CREME"}]},{"@type":"WebSite","@id":"https:\/\/natureshoofhelp.com\/dk-da\/#website","url":"https:\/\/natureshoofhelp.com\/dk-da\/","name":"Nature&#039;s Hoof Help","description":"Naturlige og sk\u00e5nsomme produkter mod sur str\u00e5le hos heste","publisher":{"@id":"https:\/\/natureshoofhelp.com\/dk-da\/#organization"},"potentialAction":[{"@type":"SearchAction","target":{"@type":"EntryPoint","urlTemplate":"https:\/\/natureshoofhelp.com\/dk-da\/?s={search_term_string}"},"query-input":{"@type":"PropertyValueSpecification","valueRequired":true,"valueName":"search_term_string"}}],"inLanguage":"da-DK"},{"@type":"Organization","@id":"https:\/\/natureshoofhelp.com\/dk-da\/#organization","name":"Nature&#039;s Hoof Help","url":"https:\/\/natureshoofhelp.com\/dk-da\/","logo":{"@type":"ImageObject","inLanguage":"da-DK","@id":"https:\/\/natureshoofhelp.com\/dk-da\/#\/schema\/logo\/image\/","url":"https:\/\/i0.wp.com\/natureshoofhelp.com\/dk-da\/wp-content\/uploads\/2020\/09\/Natures-hoof-help-logo_72_010920.png?fit=1139%2C522&ssl=1","contentUrl":"https:\/\/i0.wp.com\/natureshoofhelp.com\/dk-da\/wp-content\/uploads\/2020\/09\/Natures-hoof-help-logo_72_010920.png?fit=1139%2C522&ssl=1","width":1139,"height":522,"caption":"Nature&#039;s Hoof Help"},"image":{"@id":"https:\/\/natureshoofhelp.com\/dk-da\/#\/schema\/logo\/image\/"},"sameAs":["https:\/\/www.facebook.com\/natureshoofhelp","https:\/\/www.instagram.com\/natureshoofhelp\/"]}]}},"jetpack_sharing_enabled":true,"_links":{"self":[{"href":"https:\/\/natureshoofhelp.com\/dk-da\/wp-json\/wp\/v2\/product\/1810","targetHints":{"allow":["GET"]}}],"collection":[{"href":"https:\/\/natureshoofhelp.com\/dk-da\/wp-json\/wp\/v2\/product"}],"about":[{"href":"https:\/\/natureshoofhelp.com\/dk-da\/wp-json\/wp\/v2\/types\/product"}],"wp:featuredmedia":[{"embeddable":true,"href":"https:\/\/natureshoofhelp.com\/dk-da\/wp-json\/wp\/v2\/media\/3022"}],"wp:attachment":[{"href":"https:\/\/natureshoofhelp.com\/dk-da\/wp-json\/wp\/v2\/media?parent=1810"}],"wp:term":[{"taxonomy":"product_brand","embeddable":true,"href":"https:\/\/natureshoofhelp.com\/dk-da\/wp-json\/wp\/v2\/product_brand?post=1810"},{"taxonomy":"product_cat","embeddable":true,"href":"https:\/\/natureshoofhelp.com\/dk-da\/wp-json\/wp\/v2\/product_cat?post=1810"},{"taxonomy":"product_tag","embeddable":true,"href":"https:\/\/natureshoofhelp.com\/dk-da\/wp-json\/wp\/v2\/product_tag?post=1810"}],"curies":[{"name":"wp","href":"https:\/\/api.w.org\/{rel}","templated":true}]}}