{"id":2646,"date":"2024-07-26T15:06:16","date_gmt":"2024-07-26T14:06:16","guid":{"rendered":"https:\/\/natureshoofhelp.com\/dk-da\/?post_type=product&#038;p=2646"},"modified":"2025-09-25T16:03:58","modified_gmt":"2025-09-25T15:03:58","slug":"natures-calming-creme-light","status":"publish","type":"product","link":"https:\/\/natureshoofhelp.com\/dk-da\/vare\/natures-calming-creme-light\/","title":{"rendered":"Nature&#8217;s CALMING CREME Light"},"content":{"rendered":"<p><em><strong>\u00a0<\/strong><\/em><\/p>\n<p>Nature\u2019s CALMING CREME Light anvendes til heste med symptomer p\u00e5 kl\u00f8e.<\/p>\n<p><strong>S\u00e5dan anvender du produktet<\/strong><\/p>\n<p>B\u00f8rst omr\u00e5det igennem og del h\u00e5ret op i sektioner. Skift l\u00e5get p\u00e5 flasken ud med doseringsl\u00e5get p\u00e5f\u00f8r en lille m\u00e6ngde CALMING CREME Light p\u00e5 huden og forts\u00e6t med at adskille h\u00e5ret og p\u00e5f\u00f8re, indtil det p\u00e5virkede omr\u00e5de er behandlet.<\/p>\n<p><strong>S\u00e5dan virker det<\/strong><\/p>\n<p><span style=\"font-weight: 400;\">Zinkoxiden har en beroligende effekt p\u00e5 irriteret v\u00e6v og fremmer helingsprocessen. Den er desuden antiseptisk og mild antibakteriel. Lindehonningen er s\u00e6rligt kendt for sin antiseptiske virkning. Solsikkeolie er rig p\u00e5 vitaminerne A, C og D, carotenoider og voksarter, der danner en beskyttende barriere p\u00e5 huden.<br \/>\n<\/span><\/p>\n<p><strong>OBS! <\/strong><\/p>\n<p>Mennesker og dyr kan reagere allergisk over for forskellige stoffer, og selvom der er udvalgt ingredienser med lav allergenrisiko, kan der ikke afvises en reaktion hos det enkelte individ. Derfor kan det v\u00e6re hensigtsm\u00e6ssigt at teste, hvorvidt hesten kan t\u00e5le produktet p\u00e5 et lille omr\u00e5de inden brug. Ses der en uhensigtsm\u00e6ssig reaktion stop da brugen og kontakt dyrl\u00e6gen.<\/p>\n<p>I tilf\u00e6lde af \u00f8jenkontakt, skyl grundigt med rent vand. Ved irritation, s\u00f8g egen l\u00e6ge. Undg\u00e5 indtagelse af produktet. Ved ubehag eller irritation, s\u00f8g egen l\u00e6ge.<br \/>\nProduktet er kun til brug p\u00e5 heste.<\/p>\n","protected":false},"excerpt":{"rendered":"<p>Nature\u2019s CALMING CREME Light anvendes til heste med symptomer p\u00e5 kl\u00f8e. 500 ml.<\/p>\n<p>B\u00f8r rystes f\u00f8r brug.<\/p>\n<p>&nbsp;<\/p>\n","protected":false},"featured_media":3023,"template":"","meta":{"site-sidebar-layout":"default","site-content-layout":"default","ast-site-content-layout":"default","site-content-style":"default","site-sidebar-style":"default","ast-global-header-display":"","ast-banner-title-visibility":"","ast-main-header-display":"","ast-hfb-above-header-display":"","ast-hfb-below-header-display":"","ast-hfb-mobile-header-display":"","site-post-title":"","ast-breadcrumbs-content":"","ast-featured-img":"","footer-sml-layout":"","ast-disable-related-posts":"","theme-transparent-header-meta":"default","adv-header-id-meta":"","stick-header-meta":"","header-above-stick-meta":"","header-main-stick-meta":"","header-below-stick-meta":"","astra-migrate-meta-layouts":"set","ast-page-background-enabled":"default","ast-page-background-meta":{"desktop":{"background-color":"","background-image":"","background-repeat":"repeat","background-position":"center center","background-size":"auto","background-attachment":"scroll","background-type":"","background-media":"","overlay-type":"","overlay-color":"","overlay-opacity":"","overlay-gradient":""},"tablet":{"background-color":"","background-image":"","background-repeat":"repeat","background-position":"center center","background-size":"auto","background-attachment":"scroll","background-type":"","background-media":"","overlay-type":"","overlay-color":"","overlay-opacity":"","overlay-gradient":""},"mobile":{"background-color":"","background-image":"","background-repeat":"repeat","background-position":"center center","background-size":"auto","background-attachment":"scroll","background-type":"","background-media":"","overlay-type":"","overlay-color":"","overlay-opacity":"","overlay-gradient":""}},"ast-content-background-meta":{"desktop":{"background-color":"var(--ast-global-color-5)","background-image":"","background-repeat":"repeat","background-position":"center center","background-size":"auto","background-attachment":"scroll","background-type":"","background-media":"","overlay-type":"","overlay-color":"","overlay-opacity":"","overlay-gradient":""},"tablet":{"background-color":"var(--ast-global-color-5)","background-image":"","background-repeat":"repeat","background-position":"center center","background-size":"auto","background-attachment":"scroll","background-type":"","background-media":"","overlay-type":"","overlay-color":"","overlay-opacity":"","overlay-gradient":""},"mobile":{"background-color":"var(--ast-global-color-5)","background-image":"","background-repeat":"repeat","background-position":"center center","background-size":"auto","background-attachment":"scroll","background-type":"","background-media":"","overlay-type":"","overlay-color":"","overlay-opacity":"","overlay-gradient":""}}},"product_brand":[],"product_cat":[55],"product_tag":[],"class_list":{"0":"post-2646","1":"product","2":"type-product","3":"status-publish","4":"has-post-thumbnail","6":"product_cat-hud","7":"desktop-align-left","8":"tablet-align-left","9":"mobile-align-left","11":"first","12":"instock","13":"taxable","14":"shipping-taxable","15":"purchasable","16":"product-type-simple"},"supplier_id":null,"supplier_sku":"","barcode":null,"atum_controlled":true,"out_stock_date":null,"out_stock_threshold":null,"inheritable":false,"inbound_stock":null,"stock_on_hold":5,"sold_today":5,"sales_last_days":8,"reserved_stock":null,"customer_returns":null,"warehouse_damage":null,"lost_in_post":null,"other_logs":null,"out_stock_days":0,"lost_sales":0,"has_location":false,"update_date":"2026-05-15T07:58:15","atum_locations":[],"atum_stock_status":"instock","restock_status":false,"low_stock_amount":"","sales_update_date":"2026-05-15T07:58:15","calc_backorders":null,"yoast_head":"<!-- This site is optimized with the Yoast SEO plugin v27.6 - https:\/\/yoast.com\/product\/yoast-seo-wordpress\/ -->\n<title>Nature&#039;s CALMING CREME Light - Nature&#039;s Hoof Help<\/title>\n<meta name=\"robots\" content=\"index, follow, max-snippet:-1, max-image-preview:large, max-video-preview:-1\" \/>\n<link rel=\"canonical\" href=\"https:\/\/natureshoofhelp.com\/dk-da\/vare\/natures-calming-creme-light\/\" \/>\n<meta property=\"og:locale\" content=\"da_DK\" \/>\n<meta property=\"og:type\" content=\"article\" \/>\n<meta property=\"og:title\" content=\"Nature&#039;s CALMING CREME Light - Nature&#039;s Hoof Help\" \/>\n<meta property=\"og:description\" content=\"Nature\u2019s CALMING CREME Light anvendes til heste med symptomer p\u00e5 kl\u00f8e. 500 ml.  B\u00f8r rystes f\u00f8r brug.  &nbsp;\" \/>\n<meta property=\"og:url\" content=\"https:\/\/natureshoofhelp.com\/dk-da\/vare\/natures-calming-creme-light\/\" \/>\n<meta property=\"og:site_name\" content=\"Nature&#039;s Hoof Help\" \/>\n<meta property=\"article:publisher\" content=\"https:\/\/www.facebook.com\/natureshoofhelp\" \/>\n<meta property=\"article:modified_time\" content=\"2025-09-25T15:03:58+00:00\" \/>\n<meta property=\"og:image\" content=\"https:\/\/natureshoofhelp.com\/dk-da\/wp-content\/uploads\/2024\/07\/IMG_5206-1-scaled.jpg\" \/>\n\t<meta property=\"og:image:width\" content=\"1933\" \/>\n\t<meta property=\"og:image:height\" content=\"2560\" \/>\n\t<meta property=\"og:image:type\" content=\"image\/jpeg\" \/>\n<meta name=\"twitter:card\" content=\"summary_large_image\" \/>\n<meta name=\"twitter:label1\" content=\"Estimeret l\u00e6setid\" \/>\n\t<meta name=\"twitter:data1\" content=\"2 minutter\" \/>\n<script type=\"application\/ld+json\" class=\"yoast-schema-graph\">{\"@context\":\"https:\\\/\\\/schema.org\",\"@graph\":[{\"@type\":\"WebPage\",\"@id\":\"https:\\\/\\\/natureshoofhelp.com\\\/dk-da\\\/vare\\\/natures-calming-creme-light\\\/\",\"url\":\"https:\\\/\\\/natureshoofhelp.com\\\/dk-da\\\/vare\\\/natures-calming-creme-light\\\/\",\"name\":\"Nature's CALMING CREME Light - Nature&#039;s Hoof Help\",\"isPartOf\":{\"@id\":\"https:\\\/\\\/natureshoofhelp.com\\\/dk-da\\\/#website\"},\"primaryImageOfPage\":{\"@id\":\"https:\\\/\\\/natureshoofhelp.com\\\/dk-da\\\/vare\\\/natures-calming-creme-light\\\/#primaryimage\"},\"image\":{\"@id\":\"https:\\\/\\\/natureshoofhelp.com\\\/dk-da\\\/vare\\\/natures-calming-creme-light\\\/#primaryimage\"},\"thumbnailUrl\":\"https:\\\/\\\/i0.wp.com\\\/natureshoofhelp.com\\\/dk-da\\\/wp-content\\\/uploads\\\/2024\\\/07\\\/IMG_5206-1-scaled.jpg?fit=1933%2C2560&ssl=1\",\"datePublished\":\"2024-07-26T14:06:16+00:00\",\"dateModified\":\"2025-09-25T15:03:58+00:00\",\"breadcrumb\":{\"@id\":\"https:\\\/\\\/natureshoofhelp.com\\\/dk-da\\\/vare\\\/natures-calming-creme-light\\\/#breadcrumb\"},\"inLanguage\":\"da-DK\",\"potentialAction\":[{\"@type\":\"ReadAction\",\"target\":[\"https:\\\/\\\/natureshoofhelp.com\\\/dk-da\\\/vare\\\/natures-calming-creme-light\\\/\"]}]},{\"@type\":\"ImageObject\",\"inLanguage\":\"da-DK\",\"@id\":\"https:\\\/\\\/natureshoofhelp.com\\\/dk-da\\\/vare\\\/natures-calming-creme-light\\\/#primaryimage\",\"url\":\"https:\\\/\\\/i0.wp.com\\\/natureshoofhelp.com\\\/dk-da\\\/wp-content\\\/uploads\\\/2024\\\/07\\\/IMG_5206-1-scaled.jpg?fit=1933%2C2560&ssl=1\",\"contentUrl\":\"https:\\\/\\\/i0.wp.com\\\/natureshoofhelp.com\\\/dk-da\\\/wp-content\\\/uploads\\\/2024\\\/07\\\/IMG_5206-1-scaled.jpg?fit=1933%2C2560&ssl=1\",\"width\":1933,\"height\":2560},{\"@type\":\"BreadcrumbList\",\"@id\":\"https:\\\/\\\/natureshoofhelp.com\\\/dk-da\\\/vare\\\/natures-calming-creme-light\\\/#breadcrumb\",\"itemListElement\":[{\"@type\":\"ListItem\",\"position\":1,\"name\":\"Hjem\",\"item\":\"https:\\\/\\\/natureshoofhelp.com\\\/dk-da\\\/\"},{\"@type\":\"ListItem\",\"position\":2,\"name\":\"Produkter\",\"item\":\"https:\\\/\\\/natureshoofhelp.com\\\/dk-da\\\/produkter\\\/\"},{\"@type\":\"ListItem\",\"position\":3,\"name\":\"Nature&#8217;s CALMING CREME Light\"}]},{\"@type\":\"WebSite\",\"@id\":\"https:\\\/\\\/natureshoofhelp.com\\\/dk-da\\\/#website\",\"url\":\"https:\\\/\\\/natureshoofhelp.com\\\/dk-da\\\/\",\"name\":\"Nature&#039;s Hoof Help\",\"description\":\"Naturlige og sk\u00e5nsomme produkter mod sur str\u00e5le hos heste\",\"publisher\":{\"@id\":\"https:\\\/\\\/natureshoofhelp.com\\\/dk-da\\\/#organization\"},\"potentialAction\":[{\"@type\":\"SearchAction\",\"target\":{\"@type\":\"EntryPoint\",\"urlTemplate\":\"https:\\\/\\\/natureshoofhelp.com\\\/dk-da\\\/?s={search_term_string}\"},\"query-input\":{\"@type\":\"PropertyValueSpecification\",\"valueRequired\":true,\"valueName\":\"search_term_string\"}}],\"inLanguage\":\"da-DK\"},{\"@type\":\"Organization\",\"@id\":\"https:\\\/\\\/natureshoofhelp.com\\\/dk-da\\\/#organization\",\"name\":\"Nature&#039;s Hoof Help\",\"url\":\"https:\\\/\\\/natureshoofhelp.com\\\/dk-da\\\/\",\"logo\":{\"@type\":\"ImageObject\",\"inLanguage\":\"da-DK\",\"@id\":\"https:\\\/\\\/natureshoofhelp.com\\\/dk-da\\\/#\\\/schema\\\/logo\\\/image\\\/\",\"url\":\"https:\\\/\\\/i0.wp.com\\\/natureshoofhelp.com\\\/dk-da\\\/wp-content\\\/uploads\\\/2020\\\/09\\\/Natures-hoof-help-logo_72_010920.png?fit=1139%2C522&ssl=1\",\"contentUrl\":\"https:\\\/\\\/i0.wp.com\\\/natureshoofhelp.com\\\/dk-da\\\/wp-content\\\/uploads\\\/2020\\\/09\\\/Natures-hoof-help-logo_72_010920.png?fit=1139%2C522&ssl=1\",\"width\":1139,\"height\":522,\"caption\":\"Nature&#039;s Hoof Help\"},\"image\":{\"@id\":\"https:\\\/\\\/natureshoofhelp.com\\\/dk-da\\\/#\\\/schema\\\/logo\\\/image\\\/\"},\"sameAs\":[\"https:\\\/\\\/www.facebook.com\\\/natureshoofhelp\",\"https:\\\/\\\/www.instagram.com\\\/natureshoofhelp\\\/\"]}]}<\/script>\n<!-- \/ Yoast SEO plugin. -->","yoast_head_json":{"title":"Nature's CALMING CREME Light - Nature&#039;s Hoof Help","robots":{"index":"index","follow":"follow","max-snippet":"max-snippet:-1","max-image-preview":"max-image-preview:large","max-video-preview":"max-video-preview:-1"},"canonical":"https:\/\/natureshoofhelp.com\/dk-da\/vare\/natures-calming-creme-light\/","og_locale":"da_DK","og_type":"article","og_title":"Nature's CALMING CREME Light - Nature&#039;s Hoof Help","og_description":"Nature\u2019s CALMING CREME Light anvendes til heste med symptomer p\u00e5 kl\u00f8e. 500 ml.  B\u00f8r rystes f\u00f8r brug.  &nbsp;","og_url":"https:\/\/natureshoofhelp.com\/dk-da\/vare\/natures-calming-creme-light\/","og_site_name":"Nature&#039;s Hoof Help","article_publisher":"https:\/\/www.facebook.com\/natureshoofhelp","article_modified_time":"2025-09-25T15:03:58+00:00","og_image":[{"width":1933,"height":2560,"url":"https:\/\/natureshoofhelp.com\/dk-da\/wp-content\/uploads\/2024\/07\/IMG_5206-1-scaled.jpg","type":"image\/jpeg"}],"twitter_card":"summary_large_image","twitter_misc":{"Estimeret l\u00e6setid":"2 minutter"},"schema":{"@context":"https:\/\/schema.org","@graph":[{"@type":"WebPage","@id":"https:\/\/natureshoofhelp.com\/dk-da\/vare\/natures-calming-creme-light\/","url":"https:\/\/natureshoofhelp.com\/dk-da\/vare\/natures-calming-creme-light\/","name":"Nature's CALMING CREME Light - Nature&#039;s Hoof Help","isPartOf":{"@id":"https:\/\/natureshoofhelp.com\/dk-da\/#website"},"primaryImageOfPage":{"@id":"https:\/\/natureshoofhelp.com\/dk-da\/vare\/natures-calming-creme-light\/#primaryimage"},"image":{"@id":"https:\/\/natureshoofhelp.com\/dk-da\/vare\/natures-calming-creme-light\/#primaryimage"},"thumbnailUrl":"https:\/\/i0.wp.com\/natureshoofhelp.com\/dk-da\/wp-content\/uploads\/2024\/07\/IMG_5206-1-scaled.jpg?fit=1933%2C2560&ssl=1","datePublished":"2024-07-26T14:06:16+00:00","dateModified":"2025-09-25T15:03:58+00:00","breadcrumb":{"@id":"https:\/\/natureshoofhelp.com\/dk-da\/vare\/natures-calming-creme-light\/#breadcrumb"},"inLanguage":"da-DK","potentialAction":[{"@type":"ReadAction","target":["https:\/\/natureshoofhelp.com\/dk-da\/vare\/natures-calming-creme-light\/"]}]},{"@type":"ImageObject","inLanguage":"da-DK","@id":"https:\/\/natureshoofhelp.com\/dk-da\/vare\/natures-calming-creme-light\/#primaryimage","url":"https:\/\/i0.wp.com\/natureshoofhelp.com\/dk-da\/wp-content\/uploads\/2024\/07\/IMG_5206-1-scaled.jpg?fit=1933%2C2560&ssl=1","contentUrl":"https:\/\/i0.wp.com\/natureshoofhelp.com\/dk-da\/wp-content\/uploads\/2024\/07\/IMG_5206-1-scaled.jpg?fit=1933%2C2560&ssl=1","width":1933,"height":2560},{"@type":"BreadcrumbList","@id":"https:\/\/natureshoofhelp.com\/dk-da\/vare\/natures-calming-creme-light\/#breadcrumb","itemListElement":[{"@type":"ListItem","position":1,"name":"Hjem","item":"https:\/\/natureshoofhelp.com\/dk-da\/"},{"@type":"ListItem","position":2,"name":"Produkter","item":"https:\/\/natureshoofhelp.com\/dk-da\/produkter\/"},{"@type":"ListItem","position":3,"name":"Nature&#8217;s CALMING CREME Light"}]},{"@type":"WebSite","@id":"https:\/\/natureshoofhelp.com\/dk-da\/#website","url":"https:\/\/natureshoofhelp.com\/dk-da\/","name":"Nature&#039;s Hoof Help","description":"Naturlige og sk\u00e5nsomme produkter mod sur str\u00e5le hos heste","publisher":{"@id":"https:\/\/natureshoofhelp.com\/dk-da\/#organization"},"potentialAction":[{"@type":"SearchAction","target":{"@type":"EntryPoint","urlTemplate":"https:\/\/natureshoofhelp.com\/dk-da\/?s={search_term_string}"},"query-input":{"@type":"PropertyValueSpecification","valueRequired":true,"valueName":"search_term_string"}}],"inLanguage":"da-DK"},{"@type":"Organization","@id":"https:\/\/natureshoofhelp.com\/dk-da\/#organization","name":"Nature&#039;s Hoof Help","url":"https:\/\/natureshoofhelp.com\/dk-da\/","logo":{"@type":"ImageObject","inLanguage":"da-DK","@id":"https:\/\/natureshoofhelp.com\/dk-da\/#\/schema\/logo\/image\/","url":"https:\/\/i0.wp.com\/natureshoofhelp.com\/dk-da\/wp-content\/uploads\/2020\/09\/Natures-hoof-help-logo_72_010920.png?fit=1139%2C522&ssl=1","contentUrl":"https:\/\/i0.wp.com\/natureshoofhelp.com\/dk-da\/wp-content\/uploads\/2020\/09\/Natures-hoof-help-logo_72_010920.png?fit=1139%2C522&ssl=1","width":1139,"height":522,"caption":"Nature&#039;s Hoof Help"},"image":{"@id":"https:\/\/natureshoofhelp.com\/dk-da\/#\/schema\/logo\/image\/"},"sameAs":["https:\/\/www.facebook.com\/natureshoofhelp","https:\/\/www.instagram.com\/natureshoofhelp\/"]}]}},"jetpack_sharing_enabled":true,"_links":{"self":[{"href":"https:\/\/natureshoofhelp.com\/dk-da\/wp-json\/wp\/v2\/product\/2646","targetHints":{"allow":["GET"]}}],"collection":[{"href":"https:\/\/natureshoofhelp.com\/dk-da\/wp-json\/wp\/v2\/product"}],"about":[{"href":"https:\/\/natureshoofhelp.com\/dk-da\/wp-json\/wp\/v2\/types\/product"}],"wp:featuredmedia":[{"embeddable":true,"href":"https:\/\/natureshoofhelp.com\/dk-da\/wp-json\/wp\/v2\/media\/3023"}],"wp:attachment":[{"href":"https:\/\/natureshoofhelp.com\/dk-da\/wp-json\/wp\/v2\/media?parent=2646"}],"wp:term":[{"taxonomy":"product_brand","embeddable":true,"href":"https:\/\/natureshoofhelp.com\/dk-da\/wp-json\/wp\/v2\/product_brand?post=2646"},{"taxonomy":"product_cat","embeddable":true,"href":"https:\/\/natureshoofhelp.com\/dk-da\/wp-json\/wp\/v2\/product_cat?post=2646"},{"taxonomy":"product_tag","embeddable":true,"href":"https:\/\/natureshoofhelp.com\/dk-da\/wp-json\/wp\/v2\/product_tag?post=2646"}],"curies":[{"name":"wp","href":"https:\/\/api.w.org\/{rel}","templated":true}]}}