{"id":2648,"date":"2024-07-26T15:17:37","date_gmt":"2024-07-26T14:17:37","guid":{"rendered":"https:\/\/natureshoofhelp.com\/dk-da\/?post_type=product&#038;p=2648"},"modified":"2025-08-22T22:58:01","modified_gmt":"2025-08-22T21:58:01","slug":"natures-epsom-salt-paste","status":"publish","type":"product","link":"https:\/\/natureshoofhelp.com\/dk-da\/vare\/natures-epsom-salt-paste\/","title":{"rendered":"Nature&#8217;s Epsom Salt Paste"},"content":{"rendered":"<p>Nature&#8217;s Epsom Salt Paste anvendes ved mistanke om hovbylder til indpakning af hoven.<\/p>\n<p><strong>S\u00e5dan anvender du produktet<\/strong><\/p>\n<p>Rens hoven grundigt for snavs og b\u00f8rst efter med en stiv b\u00f8rste. Pak hoven med Pasten, d\u00e6k hoven med en ble efterfulgt af gaffetape (v\u00e6r opm\u00e6rksom p\u00e5 du ikke strammer tapen for h\u00e5rdt) og lad hesten g\u00e5 med indpakningen. Skift indpakningen dagligt. Indpakning af hoven kan eventuelt kombineres med at s\u00e6tte hoven i vandbad blandet med<strong> <a href=\"https:\/\/natureshoofhelp.com\/dk-da\/wp-content\/uploads\/2024\/05\/Epsomprodukt-scaled.jpg\">Epsom Salt<\/a><\/strong> imellem skift at indpakning.<\/p>\n<p>&nbsp;<\/p>\n<p><strong>S\u00e5dan virker det<\/strong><\/p>\n<p>Epsom Salt Paste virker via osmose. Osmose er transport af vandopl\u00f8seligt materiale gennem en semipermeabel membran fra et omr\u00e5de med h\u00f8j koncentration til et omr\u00e5de med lav koncentration. Epsom-salte virker ved ubalance i vandkoncentrationen.<\/p>\n<p><strong>OBS! <\/strong><\/p>\n<p>Mennesker og dyr kan reagere allergisk over for forskellige stoffer, og selvom der er udvalgt ingredienser med lav allergenrisiko, kan der ikke afvises en reaktion hos det enkelte individ. Derfor kan det v\u00e6re hensigtsm\u00e6ssigt at teste, hvorvidt hesten kan t\u00e5le produktet p\u00e5 et lille omr\u00e5de inden brug. Ses der en uhensigtsm\u00e6ssig reaktion stop da brugen og kontakt dyrl\u00e6gen.<\/p>\n<p>I tilf\u00e6lde af \u00f8jenkontakt, skyl grundigt med rent vand. Ved irritation, s\u00f8g egen l\u00e6ge. Undg\u00e5 indtagelse af produktet. Ved ubehag eller irritation, s\u00f8g egen l\u00e6ge.<br \/>\nProduktet er kun til brug p\u00e5 heste.<\/p>\n<p>Ved tvivlssp\u00f8rgsm\u00e5l tag kontakt til dyrl\u00e6gen og f\u00e5 hesten tilset.<\/p>\n","protected":false},"excerpt":{"rendered":"<p>Nature&#8217;s Epsom Salt Paste anvendes ved mistanke om hovbylder til indpakning af hoven, 650g.<\/p>\n<p>&nbsp;<\/p>\n","protected":false},"featured_media":3021,"template":"","meta":{"site-sidebar-layout":"default","site-content-layout":"default","ast-site-content-layout":"default","site-content-style":"default","site-sidebar-style":"default","ast-global-header-display":"","ast-banner-title-visibility":"","ast-main-header-display":"","ast-hfb-above-header-display":"","ast-hfb-below-header-display":"","ast-hfb-mobile-header-display":"","site-post-title":"","ast-breadcrumbs-content":"","ast-featured-img":"","footer-sml-layout":"","ast-disable-related-posts":"","theme-transparent-header-meta":"default","adv-header-id-meta":"","stick-header-meta":"","header-above-stick-meta":"","header-main-stick-meta":"","header-below-stick-meta":"","astra-migrate-meta-layouts":"set","ast-page-background-enabled":"default","ast-page-background-meta":{"desktop":{"background-color":"","background-image":"","background-repeat":"repeat","background-position":"center center","background-size":"auto","background-attachment":"scroll","background-type":"","background-media":"","overlay-type":"","overlay-color":"","overlay-opacity":"","overlay-gradient":""},"tablet":{"background-color":"","background-image":"","background-repeat":"repeat","background-position":"center center","background-size":"auto","background-attachment":"scroll","background-type":"","background-media":"","overlay-type":"","overlay-color":"","overlay-opacity":"","overlay-gradient":""},"mobile":{"background-color":"","background-image":"","background-repeat":"repeat","background-position":"center center","background-size":"auto","background-attachment":"scroll","background-type":"","background-media":"","overlay-type":"","overlay-color":"","overlay-opacity":"","overlay-gradient":""}},"ast-content-background-meta":{"desktop":{"background-color":"var(--ast-global-color-5)","background-image":"","background-repeat":"repeat","background-position":"center center","background-size":"auto","background-attachment":"scroll","background-type":"","background-media":"","overlay-type":"","overlay-color":"","overlay-opacity":"","overlay-gradient":""},"tablet":{"background-color":"var(--ast-global-color-5)","background-image":"","background-repeat":"repeat","background-position":"center center","background-size":"auto","background-attachment":"scroll","background-type":"","background-media":"","overlay-type":"","overlay-color":"","overlay-opacity":"","overlay-gradient":""},"mobile":{"background-color":"var(--ast-global-color-5)","background-image":"","background-repeat":"repeat","background-position":"center center","background-size":"auto","background-attachment":"scroll","background-type":"","background-media":"","overlay-type":"","overlay-color":"","overlay-opacity":"","overlay-gradient":""}}},"product_brand":[],"product_cat":[57,38],"product_tag":[],"class_list":{"0":"post-2648","1":"product","2":"type-product","3":"status-publish","4":"has-post-thumbnail","6":"product_cat-hovbylder","7":"product_cat-rensning","8":"desktop-align-left","9":"tablet-align-left","10":"mobile-align-left","12":"first","13":"instock","14":"taxable","15":"shipping-taxable","16":"purchasable","17":"product-type-simple"},"supplier_id":null,"supplier_sku":"","barcode":null,"atum_controlled":false,"out_stock_date":null,"out_stock_threshold":null,"inheritable":false,"inbound_stock":null,"stock_on_hold":0,"sold_today":0,"sales_last_days":1,"reserved_stock":null,"customer_returns":null,"warehouse_damage":null,"lost_in_post":null,"other_logs":null,"out_stock_days":0,"lost_sales":0,"has_location":false,"update_date":"2026-05-09T04:54:30","atum_locations":[],"atum_stock_status":"instock","restock_status":false,"low_stock_amount":"","sales_update_date":"2026-05-09T04:54:30","calc_backorders":null,"yoast_head":"<!-- This site is optimized with the Yoast SEO plugin v27.5 - https:\/\/yoast.com\/product\/yoast-seo-wordpress\/ -->\n<title>Nature&#039;s Epsom Salt Paste - Nature&#039;s Hoof Help<\/title>\n<meta name=\"robots\" content=\"index, follow, max-snippet:-1, max-image-preview:large, max-video-preview:-1\" \/>\n<link rel=\"canonical\" href=\"https:\/\/natureshoofhelp.com\/dk-da\/vare\/natures-epsom-salt-paste\/\" \/>\n<meta property=\"og:locale\" content=\"da_DK\" \/>\n<meta property=\"og:type\" content=\"article\" \/>\n<meta property=\"og:title\" content=\"Nature&#039;s Epsom Salt Paste - Nature&#039;s Hoof Help\" \/>\n<meta property=\"og:description\" content=\"Nature&#039;s Epsom Salt Paste anvendes ved mistanke om hovbylder til indpakning af hoven, 650g.  &nbsp;\" \/>\n<meta property=\"og:url\" content=\"https:\/\/natureshoofhelp.com\/dk-da\/vare\/natures-epsom-salt-paste\/\" \/>\n<meta property=\"og:site_name\" content=\"Nature&#039;s Hoof Help\" \/>\n<meta property=\"article:publisher\" content=\"https:\/\/www.facebook.com\/natureshoofhelp\" \/>\n<meta property=\"article:modified_time\" content=\"2025-08-22T21:58:01+00:00\" \/>\n<meta property=\"og:image\" content=\"https:\/\/natureshoofhelp.com\/dk-da\/wp-content\/uploads\/2024\/07\/IMG_5299-scaled.jpg\" \/>\n\t<meta property=\"og:image:width\" content=\"1920\" \/>\n\t<meta property=\"og:image:height\" content=\"2560\" \/>\n\t<meta property=\"og:image:type\" content=\"image\/jpeg\" \/>\n<meta name=\"twitter:card\" content=\"summary_large_image\" \/>\n<meta name=\"twitter:label1\" content=\"Estimeret l\u00e6setid\" \/>\n\t<meta name=\"twitter:data1\" content=\"2 minutter\" \/>\n<script type=\"application\/ld+json\" class=\"yoast-schema-graph\">{\"@context\":\"https:\\\/\\\/schema.org\",\"@graph\":[{\"@type\":\"WebPage\",\"@id\":\"https:\\\/\\\/natureshoofhelp.com\\\/dk-da\\\/vare\\\/natures-epsom-salt-paste\\\/\",\"url\":\"https:\\\/\\\/natureshoofhelp.com\\\/dk-da\\\/vare\\\/natures-epsom-salt-paste\\\/\",\"name\":\"Nature's Epsom Salt Paste - Nature&#039;s Hoof Help\",\"isPartOf\":{\"@id\":\"https:\\\/\\\/natureshoofhelp.com\\\/dk-da\\\/#website\"},\"primaryImageOfPage\":{\"@id\":\"https:\\\/\\\/natureshoofhelp.com\\\/dk-da\\\/vare\\\/natures-epsom-salt-paste\\\/#primaryimage\"},\"image\":{\"@id\":\"https:\\\/\\\/natureshoofhelp.com\\\/dk-da\\\/vare\\\/natures-epsom-salt-paste\\\/#primaryimage\"},\"thumbnailUrl\":\"https:\\\/\\\/i0.wp.com\\\/natureshoofhelp.com\\\/dk-da\\\/wp-content\\\/uploads\\\/2024\\\/07\\\/IMG_5299-scaled.jpg?fit=1920%2C2560&ssl=1\",\"datePublished\":\"2024-07-26T14:17:37+00:00\",\"dateModified\":\"2025-08-22T21:58:01+00:00\",\"breadcrumb\":{\"@id\":\"https:\\\/\\\/natureshoofhelp.com\\\/dk-da\\\/vare\\\/natures-epsom-salt-paste\\\/#breadcrumb\"},\"inLanguage\":\"da-DK\",\"potentialAction\":[{\"@type\":\"ReadAction\",\"target\":[\"https:\\\/\\\/natureshoofhelp.com\\\/dk-da\\\/vare\\\/natures-epsom-salt-paste\\\/\"]}]},{\"@type\":\"ImageObject\",\"inLanguage\":\"da-DK\",\"@id\":\"https:\\\/\\\/natureshoofhelp.com\\\/dk-da\\\/vare\\\/natures-epsom-salt-paste\\\/#primaryimage\",\"url\":\"https:\\\/\\\/i0.wp.com\\\/natureshoofhelp.com\\\/dk-da\\\/wp-content\\\/uploads\\\/2024\\\/07\\\/IMG_5299-scaled.jpg?fit=1920%2C2560&ssl=1\",\"contentUrl\":\"https:\\\/\\\/i0.wp.com\\\/natureshoofhelp.com\\\/dk-da\\\/wp-content\\\/uploads\\\/2024\\\/07\\\/IMG_5299-scaled.jpg?fit=1920%2C2560&ssl=1\",\"width\":1920,\"height\":2560},{\"@type\":\"BreadcrumbList\",\"@id\":\"https:\\\/\\\/natureshoofhelp.com\\\/dk-da\\\/vare\\\/natures-epsom-salt-paste\\\/#breadcrumb\",\"itemListElement\":[{\"@type\":\"ListItem\",\"position\":1,\"name\":\"Hjem\",\"item\":\"https:\\\/\\\/natureshoofhelp.com\\\/dk-da\\\/\"},{\"@type\":\"ListItem\",\"position\":2,\"name\":\"Produkter\",\"item\":\"https:\\\/\\\/natureshoofhelp.com\\\/dk-da\\\/produkter\\\/\"},{\"@type\":\"ListItem\",\"position\":3,\"name\":\"Nature&#8217;s Epsom Salt Paste\"}]},{\"@type\":\"WebSite\",\"@id\":\"https:\\\/\\\/natureshoofhelp.com\\\/dk-da\\\/#website\",\"url\":\"https:\\\/\\\/natureshoofhelp.com\\\/dk-da\\\/\",\"name\":\"Nature&#039;s Hoof Help\",\"description\":\"Naturlige og sk\u00e5nsomme produkter mod sur str\u00e5le hos heste\",\"publisher\":{\"@id\":\"https:\\\/\\\/natureshoofhelp.com\\\/dk-da\\\/#organization\"},\"potentialAction\":[{\"@type\":\"SearchAction\",\"target\":{\"@type\":\"EntryPoint\",\"urlTemplate\":\"https:\\\/\\\/natureshoofhelp.com\\\/dk-da\\\/?s={search_term_string}\"},\"query-input\":{\"@type\":\"PropertyValueSpecification\",\"valueRequired\":true,\"valueName\":\"search_term_string\"}}],\"inLanguage\":\"da-DK\"},{\"@type\":\"Organization\",\"@id\":\"https:\\\/\\\/natureshoofhelp.com\\\/dk-da\\\/#organization\",\"name\":\"Nature&#039;s Hoof Help\",\"url\":\"https:\\\/\\\/natureshoofhelp.com\\\/dk-da\\\/\",\"logo\":{\"@type\":\"ImageObject\",\"inLanguage\":\"da-DK\",\"@id\":\"https:\\\/\\\/natureshoofhelp.com\\\/dk-da\\\/#\\\/schema\\\/logo\\\/image\\\/\",\"url\":\"https:\\\/\\\/i0.wp.com\\\/natureshoofhelp.com\\\/dk-da\\\/wp-content\\\/uploads\\\/2020\\\/09\\\/Natures-hoof-help-logo_72_010920.png?fit=1139%2C522&ssl=1\",\"contentUrl\":\"https:\\\/\\\/i0.wp.com\\\/natureshoofhelp.com\\\/dk-da\\\/wp-content\\\/uploads\\\/2020\\\/09\\\/Natures-hoof-help-logo_72_010920.png?fit=1139%2C522&ssl=1\",\"width\":1139,\"height\":522,\"caption\":\"Nature&#039;s Hoof Help\"},\"image\":{\"@id\":\"https:\\\/\\\/natureshoofhelp.com\\\/dk-da\\\/#\\\/schema\\\/logo\\\/image\\\/\"},\"sameAs\":[\"https:\\\/\\\/www.facebook.com\\\/natureshoofhelp\",\"https:\\\/\\\/www.instagram.com\\\/natureshoofhelp\\\/\"]}]}<\/script>\n<!-- \/ Yoast SEO plugin. -->","yoast_head_json":{"title":"Nature's Epsom Salt Paste - Nature&#039;s Hoof Help","robots":{"index":"index","follow":"follow","max-snippet":"max-snippet:-1","max-image-preview":"max-image-preview:large","max-video-preview":"max-video-preview:-1"},"canonical":"https:\/\/natureshoofhelp.com\/dk-da\/vare\/natures-epsom-salt-paste\/","og_locale":"da_DK","og_type":"article","og_title":"Nature's Epsom Salt Paste - Nature&#039;s Hoof Help","og_description":"Nature's Epsom Salt Paste anvendes ved mistanke om hovbylder til indpakning af hoven, 650g.  &nbsp;","og_url":"https:\/\/natureshoofhelp.com\/dk-da\/vare\/natures-epsom-salt-paste\/","og_site_name":"Nature&#039;s Hoof Help","article_publisher":"https:\/\/www.facebook.com\/natureshoofhelp","article_modified_time":"2025-08-22T21:58:01+00:00","og_image":[{"width":1920,"height":2560,"url":"https:\/\/natureshoofhelp.com\/dk-da\/wp-content\/uploads\/2024\/07\/IMG_5299-scaled.jpg","type":"image\/jpeg"}],"twitter_card":"summary_large_image","twitter_misc":{"Estimeret l\u00e6setid":"2 minutter"},"schema":{"@context":"https:\/\/schema.org","@graph":[{"@type":"WebPage","@id":"https:\/\/natureshoofhelp.com\/dk-da\/vare\/natures-epsom-salt-paste\/","url":"https:\/\/natureshoofhelp.com\/dk-da\/vare\/natures-epsom-salt-paste\/","name":"Nature's Epsom Salt Paste - Nature&#039;s Hoof Help","isPartOf":{"@id":"https:\/\/natureshoofhelp.com\/dk-da\/#website"},"primaryImageOfPage":{"@id":"https:\/\/natureshoofhelp.com\/dk-da\/vare\/natures-epsom-salt-paste\/#primaryimage"},"image":{"@id":"https:\/\/natureshoofhelp.com\/dk-da\/vare\/natures-epsom-salt-paste\/#primaryimage"},"thumbnailUrl":"https:\/\/i0.wp.com\/natureshoofhelp.com\/dk-da\/wp-content\/uploads\/2024\/07\/IMG_5299-scaled.jpg?fit=1920%2C2560&ssl=1","datePublished":"2024-07-26T14:17:37+00:00","dateModified":"2025-08-22T21:58:01+00:00","breadcrumb":{"@id":"https:\/\/natureshoofhelp.com\/dk-da\/vare\/natures-epsom-salt-paste\/#breadcrumb"},"inLanguage":"da-DK","potentialAction":[{"@type":"ReadAction","target":["https:\/\/natureshoofhelp.com\/dk-da\/vare\/natures-epsom-salt-paste\/"]}]},{"@type":"ImageObject","inLanguage":"da-DK","@id":"https:\/\/natureshoofhelp.com\/dk-da\/vare\/natures-epsom-salt-paste\/#primaryimage","url":"https:\/\/i0.wp.com\/natureshoofhelp.com\/dk-da\/wp-content\/uploads\/2024\/07\/IMG_5299-scaled.jpg?fit=1920%2C2560&ssl=1","contentUrl":"https:\/\/i0.wp.com\/natureshoofhelp.com\/dk-da\/wp-content\/uploads\/2024\/07\/IMG_5299-scaled.jpg?fit=1920%2C2560&ssl=1","width":1920,"height":2560},{"@type":"BreadcrumbList","@id":"https:\/\/natureshoofhelp.com\/dk-da\/vare\/natures-epsom-salt-paste\/#breadcrumb","itemListElement":[{"@type":"ListItem","position":1,"name":"Hjem","item":"https:\/\/natureshoofhelp.com\/dk-da\/"},{"@type":"ListItem","position":2,"name":"Produkter","item":"https:\/\/natureshoofhelp.com\/dk-da\/produkter\/"},{"@type":"ListItem","position":3,"name":"Nature&#8217;s Epsom Salt Paste"}]},{"@type":"WebSite","@id":"https:\/\/natureshoofhelp.com\/dk-da\/#website","url":"https:\/\/natureshoofhelp.com\/dk-da\/","name":"Nature&#039;s Hoof Help","description":"Naturlige og sk\u00e5nsomme produkter mod sur str\u00e5le hos heste","publisher":{"@id":"https:\/\/natureshoofhelp.com\/dk-da\/#organization"},"potentialAction":[{"@type":"SearchAction","target":{"@type":"EntryPoint","urlTemplate":"https:\/\/natureshoofhelp.com\/dk-da\/?s={search_term_string}"},"query-input":{"@type":"PropertyValueSpecification","valueRequired":true,"valueName":"search_term_string"}}],"inLanguage":"da-DK"},{"@type":"Organization","@id":"https:\/\/natureshoofhelp.com\/dk-da\/#organization","name":"Nature&#039;s Hoof Help","url":"https:\/\/natureshoofhelp.com\/dk-da\/","logo":{"@type":"ImageObject","inLanguage":"da-DK","@id":"https:\/\/natureshoofhelp.com\/dk-da\/#\/schema\/logo\/image\/","url":"https:\/\/i0.wp.com\/natureshoofhelp.com\/dk-da\/wp-content\/uploads\/2020\/09\/Natures-hoof-help-logo_72_010920.png?fit=1139%2C522&ssl=1","contentUrl":"https:\/\/i0.wp.com\/natureshoofhelp.com\/dk-da\/wp-content\/uploads\/2020\/09\/Natures-hoof-help-logo_72_010920.png?fit=1139%2C522&ssl=1","width":1139,"height":522,"caption":"Nature&#039;s Hoof Help"},"image":{"@id":"https:\/\/natureshoofhelp.com\/dk-da\/#\/schema\/logo\/image\/"},"sameAs":["https:\/\/www.facebook.com\/natureshoofhelp","https:\/\/www.instagram.com\/natureshoofhelp\/"]}]}},"jetpack_sharing_enabled":true,"_links":{"self":[{"href":"https:\/\/natureshoofhelp.com\/dk-da\/wp-json\/wp\/v2\/product\/2648","targetHints":{"allow":["GET"]}}],"collection":[{"href":"https:\/\/natureshoofhelp.com\/dk-da\/wp-json\/wp\/v2\/product"}],"about":[{"href":"https:\/\/natureshoofhelp.com\/dk-da\/wp-json\/wp\/v2\/types\/product"}],"wp:featuredmedia":[{"embeddable":true,"href":"https:\/\/natureshoofhelp.com\/dk-da\/wp-json\/wp\/v2\/media\/3021"}],"wp:attachment":[{"href":"https:\/\/natureshoofhelp.com\/dk-da\/wp-json\/wp\/v2\/media?parent=2648"}],"wp:term":[{"taxonomy":"product_brand","embeddable":true,"href":"https:\/\/natureshoofhelp.com\/dk-da\/wp-json\/wp\/v2\/product_brand?post=2648"},{"taxonomy":"product_cat","embeddable":true,"href":"https:\/\/natureshoofhelp.com\/dk-da\/wp-json\/wp\/v2\/product_cat?post=2648"},{"taxonomy":"product_tag","embeddable":true,"href":"https:\/\/natureshoofhelp.com\/dk-da\/wp-json\/wp\/v2\/product_tag?post=2648"}],"curies":[{"name":"wp","href":"https:\/\/api.w.org\/{rel}","templated":true}]}}